{"id":1159,"date":"2025-07-15T18:29:52","date_gmt":"2025-07-15T17:29:52","guid":{"rendered":"https:\/\/www.ensahv.cm\/?page_id=1159"},"modified":"2025-07-16T15:17:59","modified_gmt":"2025-07-16T14:17:59","slug":"mot-du-directeur","status":"publish","type":"page","link":"https:\/\/www.ensahv.cm\/eng\/mot-du-directeur\/","title":{"rendered":"A word from the Director"},"content":{"rendered":"<div class=\"wp-block-group alignwide has-white-color has-text-color has-background is-content-justification-space-between is-nowrap is-layout-flex wp-container-core-group-is-layout-cb46ffcb wp-block-group-is-layout-flex\" style=\"border-style:none;border-width:0px;background-color:#3a6ebc;min-height:0px\">\n<div class=\"wp-block-group alignfull has-white-background-color has-text-color has-background has-small-font-size is-layout-flow wp-block-group-is-layout-flow\" style=\"color:#000000\">\n<h6 class=\"wp-block-heading has-text-align-center has-white-color has-raft-fg-background-color has-text-color has-background has-link-color wp-elements-4b148f8f7e626814674c94a3e246f3cc\" id=\"schedule-a-visit\" style=\"font-size:14px;line-height:1.15\">MOT DU DIRECTEUR<\/h6>\n\n\n\n<div class=\"wp-block-group is-nowrap is-layout-flex wp-container-core-group-is-layout-6c531013 wp-block-group-is-layout-flex\">\n<p>Lorem Ipsum has been the industry&rsquo;s standard dummy text ever since the 1500s.<\/p>\n\n\n\n<h5 class=\"wp-block-heading\"><em>\u00ab L\u2019Institut des Sciences Halieutiques (ISH) de l\u2019Universit\u00e9 de Douala \u00e0 Yabassi a une nouvelle d\u00e9nomination qui est&nbsp;:<strong> l\u2019\u00c9cole Nationale Sup\u00e9rieure d\u2019Agronomie, d\u2019Halieutique, et de M\u00e9decine V\u00e9t\u00e9rinaire (ENSAHV)<\/strong>. <em>Il s\u2019agit d\u00e9sormais de <strong>trois \u00e9tablissements d\u2019enseignement sup\u00e9rieur r\u00e9unis sur un m\u00eame site, <\/strong>trois en un&nbsp;! <\/em>\u00bb<\/em>                                                                                                     Le Directeur, Pr. TOMEDI EYANGO Minette \u00e9pse TABI ABODO                             <\/h5>\n<\/div>\n\n\n\n<p><em>\u00ab<\/em><em>L\u2019Institut des Sciences Halieutiques (ISH) <\/em><em>de l\u2019Universit\u00e9 de Douala \u00e0 Yabassi a une nouvelle d\u00e9nomination qui est&nbsp;:<strong> l\u2019\u00c9cole Nationale Sup\u00e9rieure d\u2019Agronomie, d\u2019Halieutique, et de M\u00e9decine V\u00e9t\u00e9rinaire (ENSAHV)<\/strong>. \u00bb<\/em><\/p>\n\n\n\n<p><em>\u00ab<\/em><em>Il s\u2019agit d\u00e9sormais de <strong>trois \u00e9tablissements d\u2019enseignement sup\u00e9rieur r\u00e9unis sur un m\u00eame site, <\/strong>trois en un&nbsp;! C\u2019est une marque de volont\u00e9 politique du Chef de l\u2019\u00c9tat et du Gouvernement pour donner une vocation plus large, toujours plus professionnelle, et plus de possibilit\u00e9s d\u2019emplois et d\u2019opportunit\u00e9s entrepreneuriales \u00e0 la jeunesse du pays et de la sous-r\u00e9gion. \u00bb<\/em><\/p>\n\n\n\n<p><em>\u00ab<\/em><em>Au d\u00e9part, cet \u00e9tablissement a \u00e9t\u00e9 <\/em><em>cr\u00e9\u00e9 par le d\u00e9cret N\u00b093\/030 du 19 janvier 1993 portant organisation administrative et acad\u00e9mique de l\u2019Universit\u00e9 de Douala. Le d\u00e9marrage effectif des enseignements a eu lieu le 27 janvier 2010 \u00e0 Yabassi<\/em><em> et \u00e0 ce jour, plus de mille ing\u00e9nieurs y ont \u00e9t\u00e9 form\u00e9s et se retrouvent dans les sph\u00e8res de l\u2019administration publique et les grandes entreprises. Beaucoup exercent aussi dans les ONG, les organisations internationales, les cabinets conseils. Plus remarquable encore, les programmes gouvernementaux de promotion de l\u2019aquaculture ont \u00e9t\u00e9 accompagn\u00e9s par l\u2019engouement de jeunes entrepreneurs install\u00e9s en PME et fermes aquacoles&nbsp;; l\u2019impact \u00e9tant que la production nationale halieutique a \u00e9t\u00e9 multipli\u00e9e par dix entre 2010 et nos jours.<\/em><em> La localisation de <\/em><em>l\u2019ENSAHV<\/em><em> \u00e0 Yabassi<\/em><em>, au bord du <\/em><em>Wouri-Nkam<\/em><em>, a <a><\/a>une justification historique dans la mesure o\u00f9 ce fleuve <\/em><em>appel\u00e9 il y a quelques si\u00e8cles <\/em><em>\u00ab&nbsp;<\/em><em>Rio dos cameroes<\/em><em>&nbsp;\u00bb<\/em><em> (rivi\u00e8re des crevettes),<\/em><em> a donn\u00e9 le nom Cameroun \u00e0 tout le pays. Il h\u00e9bergeait lors de la p\u00e9riode coloniale \u00e0 Yabassi <\/em><em>le premier port fluvial du <\/em><em>pays.\u00bb<\/em><em><\/em><\/p>\n\n\n\n<p><em>\u00ab<\/em><em>Tout r\u00e9cemment, le gouvernement<\/em><em>, <\/em><em>avec la collaboration de l\u2019ISH<\/em><em>\/ENSAHV,<\/em><em> a commenc\u00e9 des d\u00e9marches afin que le bassin versant Nkam-Wouri soit inscrit comme <\/em><em>s<\/em><em>ite RAMSAR, dans l\u2019optique de la conservation et de la gestion harmonieuses des \u00e9cosyst\u00e8mes. <\/em><em>D\u00e9sormais, l\u2019ENSAHV en tant qu\u2019\u00e9tablissement \u00e0 vocation multiple, est<\/em><em> une des sp\u00e9cificit\u00e9s de l\u2019Universit\u00e9 de Douala et du littoral qui s\u2019identifie \u00e0 l\u2019eau, au poisson, \u00e0 la mangrove<\/em><em>, \u00e0 la for\u00eat et aux terres limoneuses littorales, \u00e0 la faune, \u00e0 l\u2019\u00e9levage en tous genres et esp\u00e8ces, et \u00e0 l\u2019\u00e9mergence de l\u2019agriculture de seconde g\u00e9n\u00e9ration<\/em><em>. <\/em><em>C\u2019est dire l<\/em><em>e r\u00f4le <\/em><em>strat\u00e9gique <\/em><em>de l\u2019<\/em><em>ENSAHV en mati\u00e8re de<\/em><em> formation<\/em><em>, de<\/em><em> recherche<\/em><em> et d\u2019appui au d\u00e9veloppement<\/em><em> dans les domaines<\/em><em> pour lesquels les dipl\u00f4mes sont d\u00e9livr\u00e9s, mais aussi toute sa concentration sur des recherches innovantes en : <strong>\u00e9conomie bleue, \u00e9conomie verte<\/strong>, <strong>aquaculture ; g<\/strong><\/em><strong><em>estion des <\/em><\/strong><strong><em>p<\/em><\/strong><strong><em>\u00eaches ;<\/em><\/strong><strong><em> g<\/em><\/strong><strong><em>estion des <\/em><\/strong><strong><em>\u00e9<\/em><\/strong><strong><em>cosyst\u00e8mes <\/em><\/strong><strong><em>a<\/em><\/strong><strong><em>quatiques ;<\/em><\/strong><strong><em> t<\/em><\/strong><strong><em>ransformation et <\/em><\/strong><strong><em>c<\/em><\/strong><strong><em>ontr\u00f4le de <\/em><\/strong><strong><em>q<\/em><\/strong><strong><em>ualit\u00e9 des <\/em><\/strong><strong><em>p<\/em><\/strong><strong><em>roduits agropastoraux et sylvo-halieutiques<\/em><\/strong><strong><em> ;<\/em><\/strong><strong><em> o<\/em><\/strong><strong><em>c\u00e9anographie et <\/em><\/strong><strong><em>l<\/em><\/strong><strong><em>imnologie <\/em><\/strong><strong><em>; g\u00e9nie rural ; productions v\u00e9g\u00e9tales ; agro \u00e9conomie et agri business ; foresterie et faune ; productions animales ; physiologie de la reproduction et sant\u00e9 animale ; Sciences cliniques v\u00e9t\u00e9rinaires ; sant\u00e9 publique v\u00e9t\u00e9rinaire<\/em><\/strong><em>.\u00a0\u00bb<\/em><\/p>\n\n\n\n<p><em>\u00ab<\/em><em>L\u2019ENSAHV est en d\u00e9finitive <\/em><em>un p\u00f4le de comp\u00e9tence<\/em><em>s, un centre d\u2019excellence en mati\u00e8re <\/em><em>de formation, de recherche et d\u2019appui au d\u00e9veloppement \u00e0 <strong>vocation sous-r\u00e9gionale<\/strong> en zone CEMAC dans le<\/em><em>s <\/em><em>domaine<\/em><em>s \u00e9voqu\u00e9s ci-dessus. La professionnalisation des enseignements et l<\/em><em>a formation acad\u00e9mique \u00e0 caract\u00e8re multidisciplinaire <\/em><em>sont<\/em><em> organis\u00e9e<\/em><em>s<\/em><em> sur le principe p\u00e9dagogique de cr\u00e9dits, qui vise \u00e0 rendre plus lisible les syst\u00e8mes h\u00e9t\u00e9rog\u00e8nes et \u00e0 harmoniser les grades et cursus au contexte international. Les <strong>dipl\u00f4mes d\u2019Ing\u00e9nieurs, de Masters et de Doctorat\u2215Ph.D<\/strong> sanctionnent les parcours dans&nbsp;les&nbsp;formations.<\/em><em>&nbsp;\u00bb<\/em><\/p>\n<\/div>\n<\/div>","protected":false},"excerpt":{"rendered":"<p>MOT DU DIRECTEUR \u00ab L\u2019Institut des Sciences Halieutiques (ISH) de l\u2019Universit\u00e9 de Douala \u00e0 Yabassi a une nouvelle d\u00e9nomination qui est&nbsp;: l\u2019\u00c9cole Nationale Sup\u00e9rieure d\u2019Agronomie, d\u2019Halieutique, et de M\u00e9decine V\u00e9t\u00e9rinaire (ENSAHV). Il s\u2019agit d\u00e9sormais de trois \u00e9tablissements d\u2019enseignement sup\u00e9rieur r\u00e9unis sur un m\u00eame site, trois en un&nbsp;! \u00bb Le Directeur, Pr. TOMEDI EYANGO Minette \u00e9pse [&hellip;]<\/p>","protected":false},"author":1,"featured_media":0,"parent":0,"menu_order":0,"comment_status":"closed","ping_status":"closed","template":"","meta":{"pagelayer_contact_templates":[],"_pagelayer_content":"","footnotes":""},"class_list":["post-1159","page","type-page","status-publish","hentry"],"_links":{"self":[{"href":"https:\/\/www.ensahv.cm\/eng\/wp-json\/wp\/v2\/pages\/1159","targetHints":{"allow":["GET"]}}],"collection":[{"href":"https:\/\/www.ensahv.cm\/eng\/wp-json\/wp\/v2\/pages"}],"about":[{"href":"https:\/\/www.ensahv.cm\/eng\/wp-json\/wp\/v2\/types\/page"}],"author":[{"embeddable":true,"href":"https:\/\/www.ensahv.cm\/eng\/wp-json\/wp\/v2\/users\/1"}],"replies":[{"embeddable":true,"href":"https:\/\/www.ensahv.cm\/eng\/wp-json\/wp\/v2\/comments?post=1159"}],"version-history":[{"count":8,"href":"https:\/\/www.ensahv.cm\/eng\/wp-json\/wp\/v2\/pages\/1159\/revisions"}],"predecessor-version":[{"id":1170,"href":"https:\/\/www.ensahv.cm\/eng\/wp-json\/wp\/v2\/pages\/1159\/revisions\/1170"}],"wp:attachment":[{"href":"https:\/\/www.ensahv.cm\/eng\/wp-json\/wp\/v2\/media?parent=1159"}],"curies":[{"name":"wp","href":"https:\/\/api.w.org\/{rel}","templated":true}]}}