{"id":1226,"date":"2026-01-26T18:50:24","date_gmt":"2026-01-26T17:50:24","guid":{"rendered":"https:\/\/www.ensahv.cm\/?page_id=1226"},"modified":"2026-02-05T16:56:10","modified_gmt":"2026-02-05T15:56:10","slug":"liste-des-enseignants","status":"publish","type":"page","link":"https:\/\/www.ensahv.cm\/eng\/liste-des-enseignants\/","title":{"rendered":"Liste des enseignants"},"content":{"rendered":"<div class=\"wp-block-group alignwide has-white-color has-text-color has-background is-content-justification-space-between is-nowrap is-layout-flex wp-container-core-group-is-layout-cb46ffcb wp-block-group-is-layout-flex\" style=\"border-style:none;border-width:0px;background-color:#3a6ebc;min-height:0px\">\n<div class=\"wp-block-group alignfull has-cyan-bluish-gray-background-color has-text-color has-background has-small-font-size is-layout-flow wp-block-group-is-layout-flow\" style=\"color:#000000\">\n<h6 class=\"wp-block-heading has-text-align-center has-white-color has-raft-fg-background-color has-text-color has-background has-link-color wp-elements-2176497c51c8d817cb70bd46f2d3de03\" id=\"schedule-a-visit\" style=\"font-size:14px;line-height:1.15\">LISTE DES ENSEIGNANTS<\/h6>\n\n\n\n<h4 class=\"wp-block-heading has-text-align-center\">List of permanent teachers for the 2025-2026 academic year<\/h4>\n\n\n\n<p class=\"has-text-align-center\" style=\"font-size:16px\">To know more about a teacher, please select the department.<\/p>\n\n\n\n<div class=\"wp-block-columns has-vivid-cyan-blue-color has-raft-fg-alt-background-color has-text-color has-background has-link-color wp-elements-058258d6e1bf0f7022a93af1e0e8cee3 is-layout-flex wp-container-core-columns-is-layout-28f84493 wp-block-columns-is-layout-flex\">\n<div class=\"wp-block-column is-layout-flow wp-block-column-is-layout-flow\" style=\"flex-basis:66.66%\">\n<p><strong><a href=\"https:\/\/www.ensahv.cm\/eng\/liste-des-enseignants-sciences-de-base\/\" data-type=\"page\" data-id=\"1306\">D\u00e9partement des Sciences de base<\/a><\/strong><\/p>\n\n\n\n<p><strong><a href=\"https:\/\/www.ensahv.cm\/eng\/liste-des-enseignants-gestion-des-peches-et-des-ecosystemes-aquatiques\/\" data-type=\"page\" data-id=\"1298\">D\u00e9partement de Gestion des P\u00eaches et des Ecosyst\u00e8mes Aquatiques<\/a><\/strong><\/p>\n\n\n\n<p><strong><a href=\"https:\/\/www.ensahv.cm\/eng\/liste-des-enseignants-medecine-veterinaire-clone\/\" data-type=\"page\" data-id=\"1302\">D\u00e9partement de M\u00e9decine V\u00e9t\u00e9rinaire<\/a><\/strong><\/p>\n\n\n\n<p><strong><a href=\"https:\/\/www.ensahv.cm\/eng\/liste-des-enseignants-production-vegetale\/\" data-type=\"page\" data-id=\"1309\">D\u00e9partement de Production V\u00e9g\u00e9tale<\/a><\/strong><\/p>\n\n\n\n<p><strong><a href=\"https:\/\/www.ensahv.cm\/eng\/liste-des-enseignants-production-animale\/\" data-type=\"page\" data-id=\"1312\">D\u00e9partement de Production Animale<\/a><\/strong><\/p>\n\n\n\n<p><strong><a href=\"https:\/\/www.ensahv.cm\/eng\/production-vegetale\/\" data-type=\"page\" data-id=\"1264\">D\u00e9partement de Foresterie et Faune<\/a><\/strong><\/p>\n\n\n\n<p><strong><a href=\"https:\/\/www.ensahv.cm\/eng\/liste-des-enseignants-genie-rural\/\" data-type=\"page\" data-id=\"1296\">D\u00e9partement de G\u00e9nie Rural<\/a><\/strong><\/p>\n<\/div>\n\n\n\n<div class=\"wp-block-column has-vivid-cyan-blue-color has-raft-fg-alt-background-color has-text-color has-background has-link-color wp-elements-e07181ff1f1c18988c92fe4fe85838cf is-layout-flow wp-block-column-is-layout-flow\" style=\"flex-basis:33.33%\">\n<p><strong><a href=\"https:\/\/www.ensahv.cm\/eng\/liste-des-enseignants-aquaculture\/\" data-type=\"page\" data-id=\"1292\">D\u00e9partement d&rsquo;Aquaculture<\/a><\/strong><\/p>\n\n\n\n<p><strong><a href=\"https:\/\/www.ensahv.cm\/eng\/liste-des-enseignants-oceanographie-et-limnologie\/\" data-type=\"page\" data-id=\"1304\">D\u00e9partement d&rsquo;Oc\u00e9anographie et Limnologie<\/a><\/strong><\/p>\n\n\n\n<p><strong><a href=\"https:\/\/www.ensahv.cm\/eng\/liste-des-enseignants-industries-agropastorales-et-sylvo-halieutiques\/\" data-type=\"page\" data-id=\"1300\">D\u00e9partement des Industries Agropastorales et Sylvo Halieutiques<\/a><\/strong><\/p>\n\n\n\n<p><strong><a href=\"https:\/\/www.ensahv.cm\/eng\/liste-des-enseignants-agro-economie-et-agri-business\/\" data-type=\"page\" data-id=\"1290\">D\u00e9partement d&rsquo;Agro \u00e9conomie et Agri business<\/a><\/strong><\/p>\n<\/div>\n<\/div>\n\n\n\n<p><\/p>\n<\/div>\n<\/div>","protected":false},"excerpt":{"rendered":"<p>LISTE DES ENSEIGNANTS Liste \u00e0 jour des enseignants permanents pour l&rsquo;ann\u00e9e 2025-2026 Pour en savoir plus sur un enseignant, veuillez s\u00e9lectionner son d\u00e9partement. D\u00e9partement des Sciences de base D\u00e9partement de Gestion des P\u00eaches et des Ecosyst\u00e8mes Aquatiques D\u00e9partement de M\u00e9decine V\u00e9t\u00e9rinaire D\u00e9partement de Production V\u00e9g\u00e9tale D\u00e9partement de Production Animale D\u00e9partement de Foresterie et Faune D\u00e9partement [&hellip;]<\/p>","protected":false},"author":1,"featured_media":0,"parent":0,"menu_order":0,"comment_status":"closed","ping_status":"closed","template":"","meta":{"pagelayer_contact_templates":[],"_pagelayer_content":"","footnotes":""},"class_list":["post-1226","page","type-page","status-publish","hentry"],"_links":{"self":[{"href":"https:\/\/www.ensahv.cm\/eng\/wp-json\/wp\/v2\/pages\/1226","targetHints":{"allow":["GET"]}}],"collection":[{"href":"https:\/\/www.ensahv.cm\/eng\/wp-json\/wp\/v2\/pages"}],"about":[{"href":"https:\/\/www.ensahv.cm\/eng\/wp-json\/wp\/v2\/types\/page"}],"author":[{"embeddable":true,"href":"https:\/\/www.ensahv.cm\/eng\/wp-json\/wp\/v2\/users\/1"}],"replies":[{"embeddable":true,"href":"https:\/\/www.ensahv.cm\/eng\/wp-json\/wp\/v2\/comments?post=1226"}],"version-history":[{"count":12,"href":"https:\/\/www.ensahv.cm\/eng\/wp-json\/wp\/v2\/pages\/1226\/revisions"}],"predecessor-version":[{"id":1333,"href":"https:\/\/www.ensahv.cm\/eng\/wp-json\/wp\/v2\/pages\/1226\/revisions\/1333"}],"wp:attachment":[{"href":"https:\/\/www.ensahv.cm\/eng\/wp-json\/wp\/v2\/media?parent=1226"}],"curies":[{"name":"wp","href":"https:\/\/api.w.org\/{rel}","templated":true}]}}