{"id":1252,"date":"2026-02-05T12:26:09","date_gmt":"2026-02-05T11:26:09","guid":{"rendered":"https:\/\/www.ensahv.cm\/?page_id=1252"},"modified":"2026-02-11T12:00:07","modified_gmt":"2026-02-11T11:00:07","slug":"aquaculture","status":"publish","type":"page","link":"https:\/\/www.ensahv.cm\/eng\/aquaculture\/","title":{"rendered":"Aquaculture"},"content":{"rendered":"<div class=\"wp-block-group alignwide has-white-color has-text-color has-background is-content-justification-space-between is-nowrap is-layout-flex wp-container-core-group-is-layout-cb46ffcb wp-block-group-is-layout-flex\" style=\"border-style:none;border-width:0px;background-color:#3a6ebc;min-height:0px\">\n<div class=\"wp-block-group alignfull has-white-background-color has-text-color has-background has-small-font-size is-layout-flow wp-block-group-is-layout-flow\" style=\"color:#000000\">\n<h6 class=\"wp-block-heading has-text-align-center has-white-color has-raft-fg-background-color has-text-color has-background has-link-color wp-elements-c2ce467fb2dd728c8b5c8ed845bf2d3d\" id=\"schedule-a-visit\" style=\"font-size:14px;line-height:1.15\">DEPARTEMENT D&rsquo;AQUACULTURE<\/h6>\n\n\n\n<p class=\"has-text-align-center\" style=\"font-size:16px\"><strong>Chef du D\u00e9partement<\/strong><\/p>\n\n\n\n<p class=\"has-text-align-center has-vivid-cyan-blue-color has-text-color has-link-color wp-elements-a7ff0f3066b1cdf5552469ac29c90642\"><a href=\"https:\/\/www.ensahv.cm\/eng\/tomedi-eyango-minette-epse-tabi-abodo\/\" data-type=\"page\" data-id=\"1423\">Pr. Tomedi Eyango Minette \u00c9pse Tabi Abodo<\/a><\/p>\n\n\n\n<p class=\"has-text-align-center has-vivid-cyan-blue-color has-text-color has-link-color wp-elements-8844f60c88a3301af40f7c9473f8d74a\"><strong><a href=\"https:\/\/www.ensahv.cm\/eng\/liste-des-enseignants-aquaculture\/\" data-type=\"page\" data-id=\"1364\">Liste des enseignants permanents du D\u00e9partement<\/a><\/strong><\/p>\n\n\n\n<h6 class=\"wp-block-heading has-text-align-center has-raft-fg-color has-pale-cyan-blue-background-color has-text-color has-background has-link-color wp-elements-bd747fd8a65a990882977b67462caaaf\" id=\"schedule-a-visit\" style=\"font-size:14px;line-height:1.15\">PRESENTATION DU DEPARTEMENT<\/h6>\n\n\n\n<div class=\"wp-block-columns is-layout-flex wp-container-core-columns-is-layout-28f84493 wp-block-columns-is-layout-flex\">\n<div class=\"wp-block-column is-layout-flow wp-block-column-is-layout-flow\" style=\"flex-basis:66.66%\">\n<p><\/p>\n\n\n\n<p><\/p>\n\n\n\n<p><\/p>\n\n\n\n<p><\/p>\n<\/div>\n\n\n\n<div class=\"wp-block-column is-layout-flow wp-block-column-is-layout-flow\" style=\"flex-basis:33.33%\">\n<p><\/p>\n<\/div>\n<\/div>\n<\/div>\n<\/div>","protected":false},"excerpt":{"rendered":"<p>DEPARTEMENT D&rsquo;AQUACULTURE Chef du D\u00e9partement Pr. Tomedi Eyango Minette \u00c9pse Tabi Abodo Liste des enseignants permanents du D\u00e9partement PRESENTATION DU DEPARTEMENT<\/p>","protected":false},"author":1,"featured_media":0,"parent":0,"menu_order":0,"comment_status":"closed","ping_status":"closed","template":"","meta":{"pagelayer_contact_templates":[],"_pagelayer_content":"","footnotes":""},"class_list":["post-1252","page","type-page","status-publish","hentry"],"_links":{"self":[{"href":"https:\/\/www.ensahv.cm\/eng\/wp-json\/wp\/v2\/pages\/1252","targetHints":{"allow":["GET"]}}],"collection":[{"href":"https:\/\/www.ensahv.cm\/eng\/wp-json\/wp\/v2\/pages"}],"about":[{"href":"https:\/\/www.ensahv.cm\/eng\/wp-json\/wp\/v2\/types\/page"}],"author":[{"embeddable":true,"href":"https:\/\/www.ensahv.cm\/eng\/wp-json\/wp\/v2\/users\/1"}],"replies":[{"embeddable":true,"href":"https:\/\/www.ensahv.cm\/eng\/wp-json\/wp\/v2\/comments?post=1252"}],"version-history":[{"count":6,"href":"https:\/\/www.ensahv.cm\/eng\/wp-json\/wp\/v2\/pages\/1252\/revisions"}],"predecessor-version":[{"id":1494,"href":"https:\/\/www.ensahv.cm\/eng\/wp-json\/wp\/v2\/pages\/1252\/revisions\/1494"}],"wp:attachment":[{"href":"https:\/\/www.ensahv.cm\/eng\/wp-json\/wp\/v2\/media?parent=1252"}],"curies":[{"name":"wp","href":"https:\/\/api.w.org\/{rel}","templated":true}]}}