{"id":1298,"date":"2026-02-05T15:28:25","date_gmt":"2026-02-05T14:28:25","guid":{"rendered":"https:\/\/www.ensahv.cm\/?page_id=1298"},"modified":"2026-03-10T12:15:33","modified_gmt":"2026-03-10T11:15:33","slug":"liste-des-enseignants-gestion-des-peches-et-des-ecosystemes-aquatiques","status":"publish","type":"page","link":"https:\/\/www.ensahv.cm\/eng\/liste-des-enseignants-gestion-des-peches-et-des-ecosystemes-aquatiques\/","title":{"rendered":"Liste des enseignants &#8211; Gestion des P\u00eaches et des \u00e9cosyst\u00e8mes Aquatiques"},"content":{"rendered":"<div class=\"wp-block-group alignwide has-white-color has-text-color has-background is-content-justification-space-between is-nowrap is-layout-flex wp-container-core-group-is-layout-cb46ffcb wp-block-group-is-layout-flex\" style=\"border-style:none;border-width:0px;background-color:#3a6ebc;min-height:0px\">\n<div class=\"wp-block-group alignfull has-white-background-color has-text-color has-background has-small-font-size is-layout-flow wp-block-group-is-layout-flow\" style=\"color:#000000\">\n<h6 class=\"wp-block-heading has-text-align-center has-white-color has-raft-fg-background-color has-text-color has-background has-link-color wp-elements-42acc315638a1eb501fb6900c8f6c72d\" id=\"schedule-a-visit\" style=\"font-size:14px;line-height:1.15\">LISTE DES ENSEIGNANTS DU DEPARTEMENT DE GESTION DES PECHES ET DES ECOSYSTEMES AQUATIQUES<\/h6>\n\n\n\n<p class=\"has-text-align-center\"><strong>Liste des enseignants permanents du D\u00e9partement<\/strong><\/p>\n\n\n\n<div class=\"wp-block-columns is-layout-flex wp-container-core-columns-is-layout-28f84493 wp-block-columns-is-layout-flex\">\n<div class=\"wp-block-column is-layout-flow wp-block-column-is-layout-flow\" style=\"flex-basis:66.66%\">\n<p class=\"has-vivid-cyan-blue-color has-text-color has-link-color wp-elements-77a41b329229f9c1cf0b567047182616\"><a href=\"https:\/\/www.ensahv.cm\/eng\/nack-jacques\/\" data-type=\"page\" data-id=\"1710\">Pr. Nack Jacques&nbsp;<\/a><\/p>\n\n\n\n<p class=\"has-vivid-cyan-blue-color has-text-color has-link-color wp-elements-29906c26aac53a1c71ac202f9f4ef710\"><a href=\"https:\/\/www.ensahv.cm\/eng\/tamgno-beranger-raoul\/\" data-type=\"page\" data-id=\"1760\">Pr. Tamgno B\u00e9ranger Raoul&nbsp;<\/a><\/p>\n\n\n\n<p class=\"has-vivid-cyan-blue-color has-text-color has-link-color wp-elements-7f389a906a64638fc97c48ae1a2a41c8\"><a href=\"https:\/\/www.ensahv.cm\/eng\/nyamsi-tchatcho-nectaire-lie\/\" data-type=\"page\" data-id=\"1718\">Pr. Nyamsi Tchatcho Nectaire Li\u00e9&nbsp;<\/a><\/p>\n\n\n\n<p class=\"has-vivid-cyan-blue-color has-text-color has-link-color wp-elements-56cb44b1240e148d592ffa344ef6520a\"><a href=\"https:\/\/www.ensahv.cm\/eng\/essome-koum-guillaume-leopold\/\" data-type=\"page\" data-id=\"1692\">Pr. Essome Koum Guillaume L\u00e9opold<\/a><\/p>\n\n\n\n<p class=\"has-vivid-cyan-blue-color has-text-color has-link-color wp-elements-7a8740aa01ed984c1c7655ebd37cfca7\"><a href=\"https:\/\/www.ensahv.cm\/eng\/nwamo-roland-didier\/\" data-type=\"page\" data-id=\"1585\">Pr. Nwamo Roland Didier&nbsp;<\/a><\/p>\n\n\n\n<p class=\"has-vivid-cyan-blue-color has-text-color has-link-color wp-elements-e2f4213180cccb4af4b0a3d87f7c670e\"><a href=\"https:\/\/www.ensahv.cm\/eng\/mvogo-ndongo-pierre-armand\/\" data-type=\"page\" data-id=\"1579\">Pr. Mvogo Ndongo Pierre Armand<\/a><\/p>\n\n\n\n<p class=\"has-vivid-cyan-blue-color has-text-color has-link-color wp-elements-cfff09c21650717306a70bb343f47ff0\"><a href=\"https:\/\/www.ensahv.cm\/eng\/onana-fils-mamert\/\" data-type=\"page\" data-id=\"1592\">Pr. Onana Fils Mamert<\/a><\/p>\n\n\n\n<p><\/p>\n\n\n\n<p><\/p>\n\n\n\n<p><\/p>\n<\/div>\n\n\n\n<div class=\"wp-block-column is-layout-flow wp-block-column-is-layout-flow\" style=\"flex-basis:33.33%\">\n<p class=\"has-vivid-cyan-blue-color has-text-color has-link-color wp-elements-32f7fa5937f4d6097fc0068eeafe7596\"><a href=\"https:\/\/www.ensahv.cm\/eng\/elougou-ndinga-marcelle-nathalie\/\" data-type=\"page\" data-id=\"1684\">Dr. Elougou Ndinga Marcelle Nathalie&nbsp;<\/a><\/p>\n\n\n\n<p class=\"has-vivid-cyan-blue-color has-text-color has-link-color wp-elements-07b18c2e6d9d79b42da6912ee534839a\"><a href=\"https:\/\/www.ensahv.cm\/eng\/taimanga\/\" data-type=\"page\" data-id=\"1627\">Dr. Ta\u00efmanga &nbsp;<\/a><\/p>\n\n\n\n<p class=\"has-vivid-cyan-blue-color has-text-color has-link-color wp-elements-f7f9329c76df273cb054f85fb885f83f\"><a href=\"https:\/\/www.ensahv.cm\/eng\/ngoumtsop-victor-herman\/\" data-type=\"page\" data-id=\"1640\">Dr. Ngoumtsop Victor Herman&nbsp;<\/a><\/p>\n\n\n\n<p class=\"has-vivid-cyan-blue-color has-text-color has-link-color wp-elements-f464bf9bfa43225176b0db3da087a3e2\"><a href=\"https:\/\/www.ensahv.cm\/eng\/mbock-nemba-audry-constant\/\" data-type=\"page\" data-id=\"1675\">Dr. Mbock Nemba Audry Constant<\/a><\/p>\n\n\n\n<p class=\"has-vivid-cyan-blue-color has-text-color has-link-color wp-elements-53bb37e000c3c0ac9506c3bdbf00c3db\"><a href=\"https:\/\/www.ensahv.cm\/eng\/dikoume-mbongo-adolphe-thierry\/\" data-type=\"page\" data-id=\"1616\">Dr. Dikoume Mbongo Adolphe Thierry&nbsp;<\/a><\/p>\n\n\n\n<p class=\"has-vivid-cyan-blue-color has-text-color has-link-color wp-elements-0d869d54885c9e8aa6162317c9cb773d\"><a href=\"https:\/\/www.ensahv.cm\/eng\/nchegang-benjamin\/\" data-type=\"page\" data-id=\"1532\">Dr. Nchegang Benjamin<\/a><\/p>\n\n\n\n<p class=\"has-vivid-cyan-blue-color has-text-color has-link-color wp-elements-06db805cababae6400774d78dc6f607f\"><a href=\"https:\/\/www.ensahv.cm\/eng\/kotte-mapoko-ernest-flavien\/\" data-type=\"page\" data-id=\"1866\">Dr. Kotte Mapoko Ernest Flavien\u00a0<\/a><\/p>\n\n\n\n<p class=\"has-vivid-cyan-blue-color has-text-color has-link-color wp-elements-475958de8a8f226aa7da3b1396f5327f\"><a href=\"https:\/\/www.ensahv.cm\/eng\/kipoh-mpele-esther\/\" data-type=\"page\" data-id=\"1822\">Dr. Kipoh Mpele Esther&nbsp;<\/a><\/p>\n\n\n\n<p class=\"has-vivid-cyan-blue-color has-text-color has-link-color wp-elements-b93c104a9eb3422d64f696ae13361d4a\"><a href=\"https:\/\/www.ensahv.cm\/eng\/ngueguim-derrick-fabrice\/\" data-type=\"page\" data-id=\"1467\">Dr. Ngueguim Derrick Fabrice&nbsp;<\/a><\/p>\n\n\n\n<p class=\"has-vivid-cyan-blue-color has-text-color has-link-color wp-elements-f314ae882ee150f0c40212d4d597a718\"><a href=\"https:\/\/www.ensahv.cm\/eng\/binouga-dadie\/\" data-type=\"page\" data-id=\"1754\">M. Binouga Dadi\u00e9&nbsp;<\/a><\/p>\n<\/div>\n<\/div>\n<\/div>\n<\/div>","protected":false},"excerpt":{"rendered":"<p>LISTE DES ENSEIGNANTS DU DEPARTEMENT DE GESTION DES PECHES ET DES ECOSYSTEMES AQUATIQUES Liste des enseignants permanents du D\u00e9partement Pr. Nack Jacques&nbsp; Pr. Tamgno B\u00e9ranger Raoul&nbsp; Pr. Nyamsi Tchatcho Nectaire Li\u00e9&nbsp; Pr. Essome Koum Guillaume L\u00e9opold Pr. Nwamo Roland Didier&nbsp; Pr. Mvogo Ndongo Pierre Armand Pr. Onana Fils Mamert Dr. Elougou Ndinga Marcelle Nathalie&nbsp; Dr. [&hellip;]<\/p>","protected":false},"author":1,"featured_media":0,"parent":0,"menu_order":0,"comment_status":"closed","ping_status":"closed","template":"","meta":{"pagelayer_contact_templates":[],"_pagelayer_content":"","footnotes":""},"class_list":["post-1298","page","type-page","status-publish","hentry"],"_links":{"self":[{"href":"https:\/\/www.ensahv.cm\/eng\/wp-json\/wp\/v2\/pages\/1298","targetHints":{"allow":["GET"]}}],"collection":[{"href":"https:\/\/www.ensahv.cm\/eng\/wp-json\/wp\/v2\/pages"}],"about":[{"href":"https:\/\/www.ensahv.cm\/eng\/wp-json\/wp\/v2\/types\/page"}],"author":[{"embeddable":true,"href":"https:\/\/www.ensahv.cm\/eng\/wp-json\/wp\/v2\/users\/1"}],"replies":[{"embeddable":true,"href":"https:\/\/www.ensahv.cm\/eng\/wp-json\/wp\/v2\/comments?post=1298"}],"version-history":[{"count":17,"href":"https:\/\/www.ensahv.cm\/eng\/wp-json\/wp\/v2\/pages\/1298\/revisions"}],"predecessor-version":[{"id":1872,"href":"https:\/\/www.ensahv.cm\/eng\/wp-json\/wp\/v2\/pages\/1298\/revisions\/1872"}],"wp:attachment":[{"href":"https:\/\/www.ensahv.cm\/eng\/wp-json\/wp\/v2\/media?parent=1298"}],"curies":[{"name":"wp","href":"https:\/\/api.w.org\/{rel}","templated":true}]}}