{"id":1302,"date":"2026-02-05T15:31:55","date_gmt":"2026-02-05T14:31:55","guid":{"rendered":"https:\/\/www.ensahv.cm\/?page_id=1302"},"modified":"2026-02-18T15:57:10","modified_gmt":"2026-02-18T14:57:10","slug":"liste-des-enseignants-medecine-veterinaire-clone","status":"publish","type":"page","link":"https:\/\/www.ensahv.cm\/eng\/liste-des-enseignants-medecine-veterinaire-clone\/","title":{"rendered":"Liste des enseignants &#8211; M\u00e9decine V\u00e9t\u00e9rinaire"},"content":{"rendered":"<div class=\"wp-block-group alignwide has-white-color has-text-color has-background is-content-justification-space-between is-nowrap is-layout-flex wp-container-core-group-is-layout-cb46ffcb wp-block-group-is-layout-flex\" style=\"border-style:none;border-width:0px;background-color:#3a6ebc;min-height:0px\">\n<div class=\"wp-block-group alignfull has-white-background-color has-text-color has-background has-small-font-size is-layout-flow wp-block-group-is-layout-flow\" style=\"color:#000000\">\n<h6 class=\"wp-block-heading has-text-align-center has-white-color has-raft-fg-background-color has-text-color has-background has-link-color wp-elements-1dba3c37983cee1dbc29f49836f844b1\" id=\"schedule-a-visit\" style=\"font-size:14px;line-height:1.15\">LISTE DES ENSEIGNANTS DU DEPARTEMENT DE MEDECINE VETERINAIRE<\/h6>\n\n\n\n<p class=\"has-text-align-center\"><strong>Liste des enseignants permanents du D\u00e9partement<\/strong><\/p>\n\n\n\n<div class=\"wp-block-columns is-layout-flex wp-container-core-columns-is-layout-28f84493 wp-block-columns-is-layout-flex\">\n<div class=\"wp-block-column is-layout-flow wp-block-column-is-layout-flow\" style=\"flex-basis:66.66%\">\n<p class=\"has-vivid-cyan-blue-color has-text-color has-link-color wp-elements-1d355b035cb122b76bd5bae4afd02bba\"><a href=\"https:\/\/www.ensahv.cm\/eng\/pouomogne-kamtchuing-laurence\/\" data-type=\"page\" data-id=\"1761\">Mme. Pouomogne Kamtchuing Laurence\u00a0<\/a><\/p>\n\n\n\n<p><\/p>\n\n\n\n<p><\/p>\n\n\n\n<p><\/p>\n<\/div>\n\n\n\n<div class=\"wp-block-column is-layout-flow wp-block-column-is-layout-flow\" style=\"flex-basis:33.33%\">\n<p><\/p>\n<\/div>\n<\/div>\n<\/div>\n<\/div>","protected":false},"excerpt":{"rendered":"<p>LISTE DES ENSEIGNANTS DU DEPARTEMENT DE MEDECINE VETERINAIRE Liste des enseignants permanents du D\u00e9partement Mme. Pouomogne Kamtchuing Laurence\u00a0<\/p>","protected":false},"author":1,"featured_media":0,"parent":0,"menu_order":0,"comment_status":"closed","ping_status":"closed","template":"","meta":{"pagelayer_contact_templates":[],"_pagelayer_content":"","footnotes":""},"class_list":["post-1302","page","type-page","status-publish","hentry"],"_links":{"self":[{"href":"https:\/\/www.ensahv.cm\/eng\/wp-json\/wp\/v2\/pages\/1302","targetHints":{"allow":["GET"]}}],"collection":[{"href":"https:\/\/www.ensahv.cm\/eng\/wp-json\/wp\/v2\/pages"}],"about":[{"href":"https:\/\/www.ensahv.cm\/eng\/wp-json\/wp\/v2\/types\/page"}],"author":[{"embeddable":true,"href":"https:\/\/www.ensahv.cm\/eng\/wp-json\/wp\/v2\/users\/1"}],"replies":[{"embeddable":true,"href":"https:\/\/www.ensahv.cm\/eng\/wp-json\/wp\/v2\/comments?post=1302"}],"version-history":[{"count":5,"href":"https:\/\/www.ensahv.cm\/eng\/wp-json\/wp\/v2\/pages\/1302\/revisions"}],"predecessor-version":[{"id":1793,"href":"https:\/\/www.ensahv.cm\/eng\/wp-json\/wp\/v2\/pages\/1302\/revisions\/1793"}],"wp:attachment":[{"href":"https:\/\/www.ensahv.cm\/eng\/wp-json\/wp\/v2\/media?parent=1302"}],"curies":[{"name":"wp","href":"https:\/\/api.w.org\/{rel}","templated":true}]}}