{"id":1334,"date":"2026-02-05T17:02:20","date_gmt":"2026-02-05T16:02:20","guid":{"rendered":"https:\/\/www.ensahv.cm\/?page_id=1334"},"modified":"2026-02-10T16:56:38","modified_gmt":"2026-02-10T15:56:38","slug":"ngalle-fen-jose-raymond","status":"publish","type":"page","link":"https:\/\/www.ensahv.cm\/eng\/ngalle-fen-jose-raymond\/","title":{"rendered":"Ngalle fen Jos\u00e9 Raymond"},"content":{"rendered":"<div class=\"wp-block-group alignwide has-white-color has-text-color has-background is-content-justification-space-between is-nowrap is-layout-flex wp-container-core-group-is-layout-cb46ffcb wp-block-group-is-layout-flex\" style=\"border-style:none;border-width:0px;background-color:#3a6ebc;min-height:0px\">\n<div class=\"wp-block-group alignfull has-white-background-color has-text-color has-background has-small-font-size is-layout-flow wp-block-group-is-layout-flow\" style=\"color:#000000\">\n<div class=\"wp-block-group is-nowrap is-layout-flex wp-container-core-group-is-layout-6c531013 wp-block-group-is-layout-flex\">\n<figure class=\"wp-block-image size-thumbnail\"><img loading=\"lazy\" decoding=\"async\" width=\"150\" height=\"150\" src=\"https:\/\/www.ensahv.cm\/wp-content\/uploads\/2026\/02\/Photo-Ngalle-150x150.jpeg\" alt=\"\" class=\"wp-image-1378\"\/><\/figure>\n\n\n\n<h4 class=\"wp-block-heading has-white-color has-raft-accent-secondary-background-color has-text-color has-background has-link-color wp-elements-8122ad37211aa281cc5bf51f8e0abcc8\" style=\"font-size:22px\">M. Ngall\u00e8 Fen Jos\u00e9 Raymond<\/h4>\n<\/div>\n\n\n\n<h6 class=\"wp-block-heading has-text-align-center has-black-color has-light-green-cyan-background-color has-text-color has-background has-link-color wp-elements-a4a0dd0e2488794172f7dd812bd8ff6f\" style=\"font-size:16px\"><strong>D\u00e9partement d&rsquo;Aquaculture<\/strong><\/h6>\n\n\n\n<p><\/p>\n\n\n\n<p class=\"has-text-align-left\" style=\"font-size:16px\"><strong><em>Civilit\u00e9 :<\/em><\/strong> Monsieur<\/p>\n\n\n\n<p class=\"has-text-align-left\" style=\"font-size:16px\"><strong><em>Titre :<\/em><\/strong> Fisheries Engineer<\/p>\n\n\n\n<p class=\"has-text-align-left\" style=\"font-size:16px\"><strong><em>Grade :<\/em><\/strong> Assistant<\/p>\n\n\n\n<p class=\"has-text-align-left\" style=\"font-size:16px\"><strong><em>Sp\u00e9cialit\u00e9 :<\/em><\/strong> Alimentation, Nutrition, G\u00e9nie Aquacole<\/p>\n\n\n\n<p class=\"has-text-align-left\" style=\"font-size:16px\"><strong><em>Fonction administrative :<\/em><\/strong> Enseignant-Chercheur<\/p>\n\n\n\n<p class=\"has-text-align-left\" style=\"font-size:16px\"><strong><em>Adresse e-mail institutionnelle :<\/em><\/strong> jngallefen@ensahv.cm<\/p>\n\n\n\n<figure class=\"wp-block-table\"><table class=\"has-pale-cyan-blue-background-color has-background\"><tbody><tr><td><strong>AXES DE RECHERCHE<\/strong><\/td><\/tr><tr><td>Am\u00e9lioration de la qualit\u00e9 nutritionnelle des ingr\u00e9dients durables et alternatifs \u00e0 la farine de poisson pour des valeurs zootechniques optimales, la reproduction et le bien \u00eatre des esp\u00e8ces aquatiques.<\/td><\/tr><\/tbody><\/table><\/figure>\n\n\n\n<p class=\"has-text-align-center has-raft-fg-alt-color has-text-color\" style=\"font-size:16px\"><strong>Recruitment through a national competition \/&nbsp;<em>National competitive recruitment examination<\/em><\/strong><\/p>\n\n\n\n<p><\/p>\n<\/div>\n<\/div>","protected":false},"excerpt":{"rendered":"<p>M. Ngall\u00e8 Fen Jos\u00e9 Raymond D\u00e9partement d&rsquo;Aquaculture Civilit\u00e9 : Monsieur Titre : Ing\u00e9nieur Halieute Grade : Assistant Sp\u00e9cialit\u00e9 : Alimentation, Nutrition, G\u00e9nie Aquacole Fonction administrative : Enseignant-Chercheur Adresse e-mail institutionnelle : jngallefen@ensahv.cm AXES DE RECHERCHE Am\u00e9lioration de la qualit\u00e9 nutritionnelle des ingr\u00e9dients durables et alternatifs \u00e0 la farine de poisson pour des valeurs zootechniques optimales, [&hellip;]<\/p>","protected":false},"author":1,"featured_media":0,"parent":0,"menu_order":0,"comment_status":"closed","ping_status":"closed","template":"","meta":{"pagelayer_contact_templates":[],"_pagelayer_content":"","footnotes":""},"class_list":["post-1334","page","type-page","status-publish","hentry"],"_links":{"self":[{"href":"https:\/\/www.ensahv.cm\/eng\/wp-json\/wp\/v2\/pages\/1334","targetHints":{"allow":["GET"]}}],"collection":[{"href":"https:\/\/www.ensahv.cm\/eng\/wp-json\/wp\/v2\/pages"}],"about":[{"href":"https:\/\/www.ensahv.cm\/eng\/wp-json\/wp\/v2\/types\/page"}],"author":[{"embeddable":true,"href":"https:\/\/www.ensahv.cm\/eng\/wp-json\/wp\/v2\/users\/1"}],"replies":[{"embeddable":true,"href":"https:\/\/www.ensahv.cm\/eng\/wp-json\/wp\/v2\/comments?post=1334"}],"version-history":[{"count":14,"href":"https:\/\/www.ensahv.cm\/eng\/wp-json\/wp\/v2\/pages\/1334\/revisions"}],"predecessor-version":[{"id":1452,"href":"https:\/\/www.ensahv.cm\/eng\/wp-json\/wp\/v2\/pages\/1334\/revisions\/1452"}],"wp:attachment":[{"href":"https:\/\/www.ensahv.cm\/eng\/wp-json\/wp\/v2\/media?parent=1334"}],"curies":[{"name":"wp","href":"https:\/\/api.w.org\/{rel}","templated":true}]}}