{"id":1420,"date":"2026-02-10T10:26:09","date_gmt":"2026-02-10T09:26:09","guid":{"rendered":"https:\/\/www.ensahv.cm\/?page_id=1420"},"modified":"2026-02-10T10:27:30","modified_gmt":"2026-02-10T09:27:30","slug":"kpoumie-nsangou-amidou","status":"publish","type":"page","link":"https:\/\/www.ensahv.cm\/eng\/kpoumie-nsangou-amidou\/","title":{"rendered":"Kpoumie Nsangou Amidou"},"content":{"rendered":"<div class=\"wp-block-group alignwide has-white-color has-text-color has-background is-content-justification-space-between is-nowrap is-layout-flex wp-container-core-group-is-layout-cb46ffcb wp-block-group-is-layout-flex\" style=\"border-style:none;border-width:0px;background-color:#3a6ebc;min-height:0px\">\n<div class=\"wp-block-group alignfull has-white-background-color has-text-color has-background has-small-font-size is-layout-flow wp-block-group-is-layout-flow\" style=\"color:#000000\">\n<div class=\"wp-block-group is-nowrap is-layout-flex wp-container-core-group-is-layout-6c531013 wp-block-group-is-layout-flex\">\n<figure class=\"wp-block-image size-thumbnail\"><img loading=\"lazy\" decoding=\"async\" width=\"150\" height=\"150\" src=\"https:\/\/www.ensahv.cm\/wp-content\/uploads\/2026\/02\/Photo-Kpoumie-150x150.jpg\" alt=\"\" class=\"wp-image-1410\"\/><\/figure>\n\n\n\n<h4 class=\"wp-block-heading has-white-color has-raft-accent-secondary-background-color has-text-color has-background has-link-color wp-elements-b1c91eb3905f28856ef844ac48ec3b20\" style=\"font-size:22px\">Dr. Kpoumie Nsangou Amidou&nbsp;<\/h4>\n<\/div>\n\n\n\n<h6 class=\"wp-block-heading has-text-align-center has-black-color has-light-green-cyan-background-color has-text-color has-background has-link-color wp-elements-a4a0dd0e2488794172f7dd812bd8ff6f\" style=\"font-size:16px\"><strong>D\u00e9partement d&rsquo;Aquaculture<\/strong><\/h6>\n\n\n\n<p><\/p>\n\n\n\n<p class=\"has-text-align-left\" style=\"font-size:16px\"><strong><em>Civilit\u00e9 :<\/em><\/strong> Monsieur<\/p>\n\n\n\n<p class=\"has-text-align-left\" style=\"font-size:16px\"><strong><em>Titre :<\/em><\/strong> Dr.<\/p>\n\n\n\n<p class=\"has-text-align-left\" style=\"font-size:16px\"><strong><em>Grade :<\/em><\/strong> Charg\u00e9 de Cours<\/p>\n\n\n\n<p class=\"has-text-align-left\" style=\"font-size:16px\"><strong><em>Sp\u00e9cialit\u00e9 :<\/em><\/strong> Biodiversit\u00e9 et am\u00e9lioration g\u00e9n\u00e9tique des animaux&nbsp;&nbsp;<\/p>\n\n\n\n<p class=\"has-text-align-left\" style=\"font-size:16px\"><strong><em>Fonction administrative :<\/em><\/strong> Enseignant<\/p>\n\n\n\n<p class=\"has-text-align-left\" style=\"font-size:16px\"><strong><em>Adresse e-mail institutionnelle :<\/em><\/strong> amidkpoumie@ensahv.cm\u00a0<\/p>\n\n\n\n<figure class=\"wp-block-table\"><table class=\"has-pale-cyan-blue-background-color has-background\"><tbody><tr><td><strong>AXES DE RECHERCHE<\/strong><\/td><\/tr><tr><td>&#8211; Biodiversit\u00e9 g\u00e9n\u00e9tique des ressources&nbsp; halieutiques<br>&#8211; Valorisation des ressources g\u00e9n\u00e9tiques halieutiques (Am\u00e9lioration g\u00e9n\u00e9tique: s\u00e9lection (croissance et immunit\u00e9), Croisement et hybridation, Valorisation des Phyto hormones sur l&rsquo;expression ph\u00e9notypique des caract\u00e8res sexuels, zootechniques et immunitaire (epigenetique))<br>&#8211; G\u00e9n\u00e9tique de population, G\u00e9n\u00e9tique quantitative et \u00e9pig\u00e9n\u00e9tique.<\/td><\/tr><\/tbody><\/table><\/figure>\n\n\n\n<p class=\"has-text-align-center has-raft-fg-alt-color has-text-color\" style=\"font-size:16px\"><strong>Recruitment through a national competition \/&nbsp;<em>National competitive recruitment examination<\/em><\/strong><\/p>\n\n\n\n<p><\/p>\n<\/div>\n<\/div>","protected":false},"excerpt":{"rendered":"<p>Dr. Kpoumie Nsangou Amidou&nbsp; D\u00e9partement d&rsquo;Aquaculture Civilit\u00e9 : Monsieur Titre : Dr. Grade : Charg\u00e9 de Cours Sp\u00e9cialit\u00e9 : Biodiversit\u00e9 et am\u00e9lioration g\u00e9n\u00e9tique des animaux&nbsp;&nbsp; Fonction administrative : Enseignant Adresse e-mail institutionnelle : amidkpoumie@ensahv.cm\u00a0 AXES DE RECHERCHE &#8211; Biodiversit\u00e9 g\u00e9n\u00e9tique des ressources&nbsp; halieutiques&#8211; Valorisation des ressources g\u00e9n\u00e9tiques halieutiques (Am\u00e9lioration g\u00e9n\u00e9tique: s\u00e9lection (croissance et immunit\u00e9), Croisement [&hellip;]<\/p>","protected":false},"author":1,"featured_media":0,"parent":0,"menu_order":0,"comment_status":"closed","ping_status":"closed","template":"","meta":{"pagelayer_contact_templates":[],"_pagelayer_content":"","footnotes":""},"class_list":["post-1420","page","type-page","status-publish","hentry"],"_links":{"self":[{"href":"https:\/\/www.ensahv.cm\/eng\/wp-json\/wp\/v2\/pages\/1420","targetHints":{"allow":["GET"]}}],"collection":[{"href":"https:\/\/www.ensahv.cm\/eng\/wp-json\/wp\/v2\/pages"}],"about":[{"href":"https:\/\/www.ensahv.cm\/eng\/wp-json\/wp\/v2\/types\/page"}],"author":[{"embeddable":true,"href":"https:\/\/www.ensahv.cm\/eng\/wp-json\/wp\/v2\/users\/1"}],"replies":[{"embeddable":true,"href":"https:\/\/www.ensahv.cm\/eng\/wp-json\/wp\/v2\/comments?post=1420"}],"version-history":[{"count":2,"href":"https:\/\/www.ensahv.cm\/eng\/wp-json\/wp\/v2\/pages\/1420\/revisions"}],"predecessor-version":[{"id":1422,"href":"https:\/\/www.ensahv.cm\/eng\/wp-json\/wp\/v2\/pages\/1420\/revisions\/1422"}],"wp:attachment":[{"href":"https:\/\/www.ensahv.cm\/eng\/wp-json\/wp\/v2\/media?parent=1420"}],"curies":[{"name":"wp","href":"https:\/\/api.w.org\/{rel}","templated":true}]}}