{"id":1442,"date":"2026-02-10T12:47:44","date_gmt":"2026-02-10T11:47:44","guid":{"rendered":"https:\/\/www.ensahv.cm\/?page_id=1442"},"modified":"2026-02-10T17:06:05","modified_gmt":"2026-02-10T16:06:05","slug":"yemdjie-mane-divine-doriane","status":"publish","type":"page","link":"https:\/\/www.ensahv.cm\/eng\/yemdjie-mane-divine-doriane\/","title":{"rendered":"Yemdjie Mane Divine Doriane"},"content":{"rendered":"<div class=\"wp-block-group alignwide has-white-color has-text-color has-background is-content-justification-space-between is-nowrap is-layout-flex wp-container-core-group-is-layout-cb46ffcb wp-block-group-is-layout-flex\" style=\"border-style:none;border-width:0px;background-color:#3a6ebc;min-height:0px\">\n<div class=\"wp-block-group alignfull has-white-background-color has-text-color has-background has-small-font-size is-layout-flow wp-block-group-is-layout-flow\" style=\"color:#000000\">\n<div class=\"wp-block-group is-nowrap is-layout-flex wp-container-core-group-is-layout-6c531013 wp-block-group-is-layout-flex\">\n<figure class=\"wp-block-image size-thumbnail\"><img loading=\"lazy\" decoding=\"async\" width=\"150\" height=\"150\" src=\"https:\/\/www.ensahv.cm\/wp-content\/uploads\/2026\/02\/Photo-Yemdjie-150x150.jpeg\" alt=\"\" class=\"wp-image-1443\"\/><\/figure>\n\n\n\n<h4 class=\"wp-block-heading has-white-color has-raft-accent-secondary-background-color has-text-color has-background has-link-color wp-elements-748984ae49d570dd7768e88cec28777e\" style=\"font-size:22px\">Pr. Yemdjie Mane Divine Doriane&nbsp;&nbsp;<\/h4>\n<\/div>\n\n\n\n<h6 class=\"wp-block-heading has-text-align-center has-black-color has-light-green-cyan-background-color has-text-color has-background has-link-color wp-elements-a4a0dd0e2488794172f7dd812bd8ff6f\" style=\"font-size:16px\"><strong>D\u00e9partement d&rsquo;Aquaculture<\/strong><\/h6>\n\n\n\n<p><\/p>\n\n\n\n<p class=\"has-text-align-left\" style=\"font-size:16px\"><strong><em>Civilit\u00e9 :<\/em><\/strong> Madame<\/p>\n\n\n\n<p class=\"has-text-align-left\" style=\"font-size:16px\"><strong><em>Titre :<\/em><\/strong> Pr.<\/p>\n\n\n\n<p class=\"has-text-align-left\" style=\"font-size:16px\"><strong><em>Grade :<\/em><\/strong> Ma\u00eetre de Conf\u00e9rences<\/p>\n\n\n\n<p class=\"has-text-align-left\" style=\"font-size:16px\"><strong><em>Sp\u00e9cialit\u00e9 :<\/em><\/strong> Nutrition et Alimentation Animales&nbsp;&nbsp;<\/p>\n\n\n\n<p class=\"has-text-align-left\" style=\"font-size:16px\"><strong><em>Fonction administrative :<\/em><\/strong> Enseignante-Chercheuse <\/p>\n\n\n\n<p class=\"has-text-align-left\" style=\"font-size:16px\"><strong><em>Adresse e-mail institutionnelle :<\/em><\/strong> divineyemdjie@ensahv.cm&nbsp;<\/p>\n\n\n\n<figure class=\"wp-block-table\"><table class=\"has-pale-cyan-blue-background-color has-background\"><tbody><tr><td><strong>AXES DE RECHERCHE<\/strong><\/td><\/tr><tr><td>&#8211; Valorisation des produits et sous-agricoles en nutrition et alimentation animales<br>&#8211; Conservation de la biodiversit\u00e9&nbsp;<\/td><\/tr><\/tbody><\/table><\/figure>\n\n\n\n<p class=\"has-text-align-center has-raft-fg-alt-color has-text-color\" style=\"font-size:16px\"><strong>Recruitment through a national competition \/&nbsp;<em>National competitive recruitment examination<\/em><\/strong><\/p>\n\n\n\n<p><\/p>\n<\/div>\n<\/div>","protected":false},"excerpt":{"rendered":"<p>Pr. Yemdjie Mane Divine Doriane&nbsp;&nbsp; D\u00e9partement d&rsquo;Aquaculture Civilit\u00e9 : Madame Titre : Pr. Grade : Ma\u00eetre de Conf\u00e9rences Sp\u00e9cialit\u00e9 : Nutrition et Alimentation Animales&nbsp;&nbsp; Fonction administrative : Enseignante-Chercheuse Adresse e-mail institutionnelle : divineyemdjie@ensahv.cm&nbsp; AXES DE RECHERCHE &#8211; Valorisation des produits et sous-agricoles en nutrition et alimentation animales&#8211; Conservation de la biodiversit\u00e9&nbsp; Recrutement sur concours national [&hellip;]<\/p>","protected":false},"author":1,"featured_media":0,"parent":0,"menu_order":0,"comment_status":"closed","ping_status":"closed","template":"","meta":{"pagelayer_contact_templates":[],"_pagelayer_content":"","footnotes":""},"class_list":["post-1442","page","type-page","status-publish","hentry"],"_links":{"self":[{"href":"https:\/\/www.ensahv.cm\/eng\/wp-json\/wp\/v2\/pages\/1442","targetHints":{"allow":["GET"]}}],"collection":[{"href":"https:\/\/www.ensahv.cm\/eng\/wp-json\/wp\/v2\/pages"}],"about":[{"href":"https:\/\/www.ensahv.cm\/eng\/wp-json\/wp\/v2\/types\/page"}],"author":[{"embeddable":true,"href":"https:\/\/www.ensahv.cm\/eng\/wp-json\/wp\/v2\/users\/1"}],"replies":[{"embeddable":true,"href":"https:\/\/www.ensahv.cm\/eng\/wp-json\/wp\/v2\/comments?post=1442"}],"version-history":[{"count":3,"href":"https:\/\/www.ensahv.cm\/eng\/wp-json\/wp\/v2\/pages\/1442\/revisions"}],"predecessor-version":[{"id":1458,"href":"https:\/\/www.ensahv.cm\/eng\/wp-json\/wp\/v2\/pages\/1442\/revisions\/1458"}],"wp:attachment":[{"href":"https:\/\/www.ensahv.cm\/eng\/wp-json\/wp\/v2\/media?parent=1442"}],"curies":[{"name":"wp","href":"https:\/\/api.w.org\/{rel}","templated":true}]}}