{"id":1565,"date":"2026-02-13T11:11:03","date_gmt":"2026-02-13T10:11:03","guid":{"rendered":"https:\/\/www.ensahv.cm\/?page_id=1565"},"modified":"2026-03-22T13:43:35","modified_gmt":"2026-03-22T12:43:35","slug":"togue-kamga-fulbert","status":"publish","type":"page","link":"https:\/\/www.ensahv.cm\/eng\/togue-kamga-fulbert\/","title":{"rendered":"Togue Kamga Fulbert"},"content":{"rendered":"<div class=\"wp-block-group alignwide has-white-color has-text-color has-background is-content-justification-space-between is-nowrap is-layout-flex wp-container-core-group-is-layout-cb46ffcb wp-block-group-is-layout-flex\" style=\"border-style:none;border-width:0px;background-color:#3a6ebc;min-height:0px\">\n<div class=\"wp-block-group alignfull has-white-background-color has-text-color has-background has-small-font-size is-layout-flow wp-block-group-is-layout-flow\" style=\"color:#000000\">\n<div class=\"wp-block-group is-nowrap is-layout-flex wp-container-core-group-is-layout-6c531013 wp-block-group-is-layout-flex\">\n<figure class=\"wp-block-image size-thumbnail\"><img loading=\"lazy\" decoding=\"async\" width=\"150\" height=\"150\" src=\"https:\/\/www.ensahv.cm\/wp-content\/uploads\/2026\/02\/Photo-Togue-150x150.jpeg\" alt=\"\" class=\"wp-image-1569\"\/><\/figure>\n\n\n\n<h4 class=\"wp-block-heading has-white-color has-raft-accent-secondary-background-color has-text-color has-background has-link-color wp-elements-708b1c7e01c97f65951c92673a77965f\" style=\"font-size:22px\">Pr. &nbsp;Togue Kamga Fulbert&nbsp;<\/h4>\n<\/div>\n\n\n\n<h6 class=\"wp-block-heading has-text-align-center has-black-color has-light-green-cyan-background-color has-text-color has-background has-link-color wp-elements-6fddba4ec05a6c7b886b9243750d93ba\" style=\"font-size:16px\"><strong>D\u00e9part<\/strong>ement des Sciences de Base<\/h6>\n\n\n\n<p><\/p>\n\n\n\n<p class=\"has-text-align-left\" style=\"font-size:16px\"><strong><em>Civilit\u00e9 :<\/em><\/strong> Monsieur<\/p>\n\n\n\n<p class=\"has-text-align-left\" style=\"font-size:16px\"><strong><em>Titre :<\/em><\/strong> Pr.<\/p>\n\n\n\n<p class=\"has-text-align-left\" style=\"font-size:16px\"><strong><em>Grade :<\/em><\/strong> Ma\u00eetre de Conf\u00e9rences<\/p>\n\n\n\n<p class=\"has-text-align-left\" style=\"font-size:16px\"><strong><em>Sp\u00e9cialit\u00e9 :<\/em><\/strong> Physique de l&rsquo;environnement<\/p>\n\n\n\n<p class=\"has-text-align-left\" style=\"font-size:16px\"><strong><em>Fonction administrative :<\/em><\/strong> Enseignant-Chercheur<\/p>\n\n\n\n<p class=\"has-text-align-left\" style=\"font-size:16px\"><strong><em>Adresse e-mail institutionnelle :<\/em><\/strong> toguekamga@ensahv.cm<\/p>\n\n\n\n<figure class=\"wp-block-table\"><table class=\"has-pale-cyan-blue-background-color has-background\"><tbody><tr><td><strong>AXES DE RECHERCHE<\/strong><\/td><\/tr><tr><td>&#8211; Transferts r\u00e9actifs des solut\u00e9s dans les milieux poreux souterrains.<br>&#8211; Analyse de la composition des s\u00e9diments marins pour \u00e9valuer la sant\u00e9 de l&rsquo;\u00e9cosyst\u00e8me.<br>&#8211; Utilisation d&rsquo;indices de pollution pour cartographier les zones \u00e0 risques.<\/td><\/tr><\/tbody><\/table><\/figure>\n\n\n\n<p class=\"has-text-align-center has-raft-fg-alt-color has-text-color\" style=\"font-size:16px\"><strong>Recruitment through a national competition \/&nbsp;<em>National competitive recruitment examination<\/em><\/strong><\/p>\n\n\n\n<p><\/p>\n<\/div>\n<\/div>","protected":false},"excerpt":{"rendered":"<p>Pr. &nbsp;Togue Kamga Fulbert&nbsp; D\u00e9partement des Sciences de Base Civilit\u00e9 : Monsieur Titre : Pr. Grade : Ma\u00eetre de Conf\u00e9rences Sp\u00e9cialit\u00e9 : Physique de l&rsquo;environnement Fonction administrative : Enseignant-Chercheur Adresse e-mail institutionnelle : toguekamga@ensahv.cm AXES DE RECHERCHE &#8211; Transferts r\u00e9actifs des solut\u00e9s dans les milieux poreux souterrains.&#8211; Analyse de la composition des s\u00e9diments marins pour [&hellip;]<\/p>","protected":false},"author":1,"featured_media":0,"parent":0,"menu_order":0,"comment_status":"closed","ping_status":"closed","template":"","meta":{"pagelayer_contact_templates":[],"_pagelayer_content":"","footnotes":""},"class_list":["post-1565","page","type-page","status-publish","hentry"],"_links":{"self":[{"href":"https:\/\/www.ensahv.cm\/eng\/wp-json\/wp\/v2\/pages\/1565","targetHints":{"allow":["GET"]}}],"collection":[{"href":"https:\/\/www.ensahv.cm\/eng\/wp-json\/wp\/v2\/pages"}],"about":[{"href":"https:\/\/www.ensahv.cm\/eng\/wp-json\/wp\/v2\/types\/page"}],"author":[{"embeddable":true,"href":"https:\/\/www.ensahv.cm\/eng\/wp-json\/wp\/v2\/users\/1"}],"replies":[{"embeddable":true,"href":"https:\/\/www.ensahv.cm\/eng\/wp-json\/wp\/v2\/comments?post=1565"}],"version-history":[{"count":6,"href":"https:\/\/www.ensahv.cm\/eng\/wp-json\/wp\/v2\/pages\/1565\/revisions"}],"predecessor-version":[{"id":1907,"href":"https:\/\/www.ensahv.cm\/eng\/wp-json\/wp\/v2\/pages\/1565\/revisions\/1907"}],"wp:attachment":[{"href":"https:\/\/www.ensahv.cm\/eng\/wp-json\/wp\/v2\/media?parent=1565"}],"curies":[{"name":"wp","href":"https:\/\/api.w.org\/{rel}","templated":true}]}}