{"id":1585,"date":"2026-02-13T11:38:43","date_gmt":"2026-02-13T10:38:43","guid":{"rendered":"https:\/\/www.ensahv.cm\/?page_id=1585"},"modified":"2026-02-13T11:45:17","modified_gmt":"2026-02-13T10:45:17","slug":"nwamo-roland-didier","status":"publish","type":"page","link":"https:\/\/www.ensahv.cm\/eng\/nwamo-roland-didier\/","title":{"rendered":"Nwamo Roland Didier"},"content":{"rendered":"<div class=\"wp-block-group alignwide has-white-color has-text-color has-background is-content-justification-space-between is-nowrap is-layout-flex wp-container-core-group-is-layout-cb46ffcb wp-block-group-is-layout-flex\" style=\"border-style:none;border-width:0px;background-color:#3a6ebc;min-height:0px\">\n<div class=\"wp-block-group alignfull has-white-background-color has-text-color has-background has-small-font-size is-layout-flow wp-block-group-is-layout-flow\" style=\"color:#000000\">\n<div class=\"wp-block-group is-nowrap is-layout-flex wp-container-core-group-is-layout-6c531013 wp-block-group-is-layout-flex\">\n<figure class=\"wp-block-image size-thumbnail\"><img loading=\"lazy\" decoding=\"async\" width=\"150\" height=\"150\" src=\"https:\/\/www.ensahv.cm\/wp-content\/uploads\/2026\/02\/Photo-Nwamo-150x150.png\" alt=\"\" class=\"wp-image-1586\"\/><\/figure>\n\n\n\n<h4 class=\"wp-block-heading has-white-color has-raft-accent-secondary-background-color has-text-color has-background has-link-color wp-elements-6a205b093b28c76cf43501ea19ee747c\" style=\"font-size:22px\">Pr. Nwamo Roland Didier<\/h4>\n<\/div>\n\n\n\n<h6 class=\"wp-block-heading has-text-align-center has-black-color has-light-green-cyan-background-color has-text-color has-background has-link-color wp-elements-1ea44b503da389267c3f625c28e50aa1\" style=\"font-size:16px\"><strong>D\u00e9partement d<\/strong>e Gestion des P\u00eaches et des Ecosyst\u00e8mes Aquatiques<\/h6>\n\n\n\n<p><\/p>\n\n\n\n<p class=\"has-text-align-left\" style=\"font-size:16px\"><strong><em>Civilit\u00e9 :<\/em><\/strong> Monsieur<\/p>\n\n\n\n<p class=\"has-text-align-left\" style=\"font-size:16px\"><strong><em>Titre :<\/em><\/strong> Pr.<\/p>\n\n\n\n<p class=\"has-text-align-left\" style=\"font-size:16px\"><strong><em>Grade :<\/em><\/strong> Ma\u00eetre de Conf\u00e9rences<\/p>\n\n\n\n<p class=\"has-text-align-left\" style=\"font-size:16px\"><strong><em>Sp\u00e9cialit\u00e9 :<\/em><\/strong> \u00c9cologie de l&rsquo;Eau et de Environnement\u00a0\u00a0<\/p>\n\n\n\n<p class=\"has-text-align-left\" style=\"font-size:16px\"><strong><em>Fonction administrative :<\/em><\/strong> Enseignant-Chercheur ; Chef de Service<\/p>\n\n\n\n<p class=\"has-text-align-left\" style=\"font-size:16px\"><strong><em>Adresse e-mail institutionnelle :<\/em><\/strong> nwamodidier@ensahv.cm<\/p>\n\n\n\n<figure class=\"wp-block-table\"><table class=\"has-pale-cyan-blue-background-color has-background\"><tbody><tr><td><strong>AXES DE RECHERCHE<\/strong><\/td><\/tr><tr><td>Diagnostic \u00e9cologique des \u00e9cosyst\u00e8mes aquatiques et valorisation des plantes aquatiques envahissantes<\/td><\/tr><\/tbody><\/table><\/figure>\n\n\n\n<p class=\"has-text-align-center has-raft-fg-alt-color has-text-color\" style=\"font-size:16px\"><strong>Recruitment through a national competition \/&nbsp;<em>National competitive recruitment examination<\/em><\/strong><\/p>\n\n\n\n<p><\/p>\n<\/div>\n<\/div>","protected":false},"excerpt":{"rendered":"<p>Pr. Nwamo Roland Didier D\u00e9partement de Gestion des P\u00eaches et des Ecosyst\u00e8mes Aquatiques Civilit\u00e9 : Monsieur Titre : Pr. Grade : Ma\u00eetre de Conf\u00e9rences Sp\u00e9cialit\u00e9 : \u00c9cologie de l&rsquo;Eau et de Environnement\u00a0\u00a0 Fonction administrative : Enseignant-Chercheur ; Chef de Service Adresse e-mail institutionnelle : nwamodidier@ensahv.cm AXES DE RECHERCHE Diagnostic \u00e9cologique des \u00e9cosyst\u00e8mes aquatiques et valorisation [&hellip;]<\/p>","protected":false},"author":1,"featured_media":0,"parent":0,"menu_order":0,"comment_status":"closed","ping_status":"closed","template":"","meta":{"pagelayer_contact_templates":[],"_pagelayer_content":"","footnotes":""},"class_list":["post-1585","page","type-page","status-publish","hentry"],"_links":{"self":[{"href":"https:\/\/www.ensahv.cm\/eng\/wp-json\/wp\/v2\/pages\/1585","targetHints":{"allow":["GET"]}}],"collection":[{"href":"https:\/\/www.ensahv.cm\/eng\/wp-json\/wp\/v2\/pages"}],"about":[{"href":"https:\/\/www.ensahv.cm\/eng\/wp-json\/wp\/v2\/types\/page"}],"author":[{"embeddable":true,"href":"https:\/\/www.ensahv.cm\/eng\/wp-json\/wp\/v2\/users\/1"}],"replies":[{"embeddable":true,"href":"https:\/\/www.ensahv.cm\/eng\/wp-json\/wp\/v2\/comments?post=1585"}],"version-history":[{"count":4,"href":"https:\/\/www.ensahv.cm\/eng\/wp-json\/wp\/v2\/pages\/1585\/revisions"}],"predecessor-version":[{"id":1591,"href":"https:\/\/www.ensahv.cm\/eng\/wp-json\/wp\/v2\/pages\/1585\/revisions\/1591"}],"wp:attachment":[{"href":"https:\/\/www.ensahv.cm\/eng\/wp-json\/wp\/v2\/media?parent=1585"}],"curies":[{"name":"wp","href":"https:\/\/api.w.org\/{rel}","templated":true}]}}