{"id":1616,"date":"2026-02-13T12:58:14","date_gmt":"2026-02-13T11:58:14","guid":{"rendered":"https:\/\/www.ensahv.cm\/?page_id=1616"},"modified":"2026-02-13T13:03:39","modified_gmt":"2026-02-13T12:03:39","slug":"dikoume-mbongo-adolphe-thierry","status":"publish","type":"page","link":"https:\/\/www.ensahv.cm\/eng\/dikoume-mbongo-adolphe-thierry\/","title":{"rendered":"Dikoume Mbongo Adolphe Thierry"},"content":{"rendered":"<div class=\"wp-block-group alignwide has-white-color has-text-color has-background is-content-justification-space-between is-nowrap is-layout-flex wp-container-core-group-is-layout-cb46ffcb wp-block-group-is-layout-flex\" style=\"border-style:none;border-width:0px;background-color:#3a6ebc;min-height:0px\">\n<div class=\"wp-block-group alignfull has-white-background-color has-text-color has-background has-small-font-size is-layout-flow wp-block-group-is-layout-flow\" style=\"color:#000000\">\n<div class=\"wp-block-group is-nowrap is-layout-flex wp-container-core-group-is-layout-6c531013 wp-block-group-is-layout-flex\">\n<figure class=\"wp-block-image size-thumbnail\"><img loading=\"lazy\" decoding=\"async\" width=\"150\" height=\"150\" src=\"https:\/\/www.ensahv.cm\/wp-content\/uploads\/2026\/02\/Photo-Dikoume-150x150.jpeg\" alt=\"\" class=\"wp-image-1617\"\/><\/figure>\n\n\n\n<h4 class=\"wp-block-heading has-white-color has-raft-accent-secondary-background-color has-text-color has-background has-link-color wp-elements-dd144c2e0197cf5aac3fa245bed5e5cd\" style=\"font-size:22px\">Dr. Dikoume Mbongo Adolphe Thierry&nbsp;<\/h4>\n<\/div>\n\n\n\n<h6 class=\"wp-block-heading has-text-align-center has-black-color has-light-green-cyan-background-color has-text-color has-background has-link-color wp-elements-1ea44b503da389267c3f625c28e50aa1\" style=\"font-size:16px\"><strong>D\u00e9partement d<\/strong>e Gestion des P\u00eaches et des Ecosyst\u00e8mes Aquatiques<\/h6>\n\n\n\n<p><\/p>\n\n\n\n<p class=\"has-text-align-left\" style=\"font-size:16px\"><strong><em>Civilit\u00e9 :<\/em><\/strong> Monsieur<\/p>\n\n\n\n<p class=\"has-text-align-left\" style=\"font-size:16px\"><strong><em>Titre :<\/em><\/strong> Dr.<\/p>\n\n\n\n<p class=\"has-text-align-left\" style=\"font-size:16px\"><strong><em>Grade :<\/em><\/strong> Charg\u00e9 de Cours<\/p>\n\n\n\n<p class=\"has-text-align-left\" style=\"font-size:16px\"><strong><em>Sp\u00e9cialit\u00e9 :<\/em><\/strong> Biologiste\u00a0\u00a0<\/p>\n\n\n\n<p class=\"has-text-align-left\" style=\"font-size:16px\"><strong><em>Fonction administrative :<\/em><\/strong> Enseignant-Chercheur ; Coordonnateur du niveau 4 GPEA<\/p>\n\n\n\n<p class=\"has-text-align-left\" style=\"font-size:16px\"><strong><em>Adresse e-mail institutionnelle :<\/em><\/strong> dikoumethierry@ensahv.cm<\/p>\n\n\n\n<figure class=\"wp-block-table\"><table class=\"has-pale-cyan-blue-background-color has-background\"><tbody><tr><td><strong>AXES DE RECHERCHE<\/strong><\/td><\/tr><tr><td>Pathologies parasitaires animales et Bio \u00e9cologie des Bivalves\u00a0<\/td><\/tr><\/tbody><\/table><\/figure>\n\n\n\n<p class=\"has-text-align-center has-raft-fg-alt-color has-text-color\" style=\"font-size:16px\"><strong>Recruitment through a national competition \/&nbsp;<em>National competitive recruitment examination<\/em><\/strong><\/p>\n\n\n\n<p><\/p>\n<\/div>\n<\/div>","protected":false},"excerpt":{"rendered":"<p>Dr. Dikoume Mbongo Adolphe Thierry&nbsp; D\u00e9partement de Gestion des P\u00eaches et des Ecosyst\u00e8mes Aquatiques Civilit\u00e9 : Monsieur Titre : Dr. Grade : Charg\u00e9 de Cours Sp\u00e9cialit\u00e9 : Biologiste\u00a0\u00a0 Fonction administrative : Enseignant-Chercheur ; Coordonnateur du niveau 4 GPEA Adresse e-mail institutionnelle : dikoumethierry@ensahv.cm AXES DE RECHERCHE Pathologies parasitaires animales et Bio \u00e9cologie des Bivalves\u00a0 Recrutement [&hellip;]<\/p>","protected":false},"author":1,"featured_media":0,"parent":0,"menu_order":0,"comment_status":"closed","ping_status":"closed","template":"","meta":{"pagelayer_contact_templates":[],"_pagelayer_content":"","footnotes":""},"class_list":["post-1616","page","type-page","status-publish","hentry"],"_links":{"self":[{"href":"https:\/\/www.ensahv.cm\/eng\/wp-json\/wp\/v2\/pages\/1616","targetHints":{"allow":["GET"]}}],"collection":[{"href":"https:\/\/www.ensahv.cm\/eng\/wp-json\/wp\/v2\/pages"}],"about":[{"href":"https:\/\/www.ensahv.cm\/eng\/wp-json\/wp\/v2\/types\/page"}],"author":[{"embeddable":true,"href":"https:\/\/www.ensahv.cm\/eng\/wp-json\/wp\/v2\/users\/1"}],"replies":[{"embeddable":true,"href":"https:\/\/www.ensahv.cm\/eng\/wp-json\/wp\/v2\/comments?post=1616"}],"version-history":[{"count":4,"href":"https:\/\/www.ensahv.cm\/eng\/wp-json\/wp\/v2\/pages\/1616\/revisions"}],"predecessor-version":[{"id":1621,"href":"https:\/\/www.ensahv.cm\/eng\/wp-json\/wp\/v2\/pages\/1616\/revisions\/1621"}],"wp:attachment":[{"href":"https:\/\/www.ensahv.cm\/eng\/wp-json\/wp\/v2\/media?parent=1616"}],"curies":[{"name":"wp","href":"https:\/\/api.w.org\/{rel}","templated":true}]}}