{"id":1628,"date":"2026-02-14T09:51:33","date_gmt":"2026-02-14T08:51:33","guid":{"rendered":"https:\/\/www.ensahv.cm\/?page_id=1628"},"modified":"2026-02-14T09:54:46","modified_gmt":"2026-02-14T08:54:46","slug":"ngolong-ndjock-rosine-la-belle","status":"publish","type":"page","link":"https:\/\/www.ensahv.cm\/eng\/ngolong-ndjock-rosine-la-belle\/","title":{"rendered":"Ngolong Ndjock Rosine La Belle\u00a0"},"content":{"rendered":"<div class=\"wp-block-group alignwide has-white-color has-text-color has-background is-content-justification-space-between is-nowrap is-layout-flex wp-container-core-group-is-layout-cb46ffcb wp-block-group-is-layout-flex\" style=\"border-style:none;border-width:0px;background-color:#3a6ebc;min-height:0px\">\n<div class=\"wp-block-group alignfull has-white-background-color has-text-color has-background has-small-font-size is-layout-flow wp-block-group-is-layout-flow\" style=\"color:#000000\">\n<div class=\"wp-block-group is-nowrap is-layout-flex wp-container-core-group-is-layout-6c531013 wp-block-group-is-layout-flex\">\n<figure class=\"wp-block-image size-thumbnail\"><img loading=\"lazy\" decoding=\"async\" width=\"150\" height=\"150\" src=\"https:\/\/www.ensahv.cm\/wp-content\/uploads\/2026\/02\/Photo-Ngolong-Rosine-150x150.jpeg\" alt=\"\" class=\"wp-image-1630\"\/><\/figure>\n\n\n\n<h4 class=\"wp-block-heading has-white-color has-raft-accent-secondary-background-color has-text-color has-background has-link-color wp-elements-89a621ff4f679294d2638a9b69e72e57\" style=\"font-size:22px\">Dr. Ngolong Ndjock Rosine La Belle&nbsp;&nbsp;<\/h4>\n<\/div>\n\n\n\n<h6 class=\"wp-block-heading has-text-align-center has-black-color has-light-green-cyan-background-color has-text-color has-background has-link-color wp-elements-09a31dcb054ded757e5dd75ea56ef823\" style=\"font-size:16px\"><strong>D\u00e9partement d<\/strong>es Sciences de Base<\/h6>\n\n\n\n<p><\/p>\n\n\n\n<p class=\"has-text-align-left\" style=\"font-size:16px\"><strong><em>Civilit\u00e9 :<\/em><\/strong> Madame<\/p>\n\n\n\n<p class=\"has-text-align-left\" style=\"font-size:16px\"><strong><em>Titre :<\/em><\/strong> Dr.<\/p>\n\n\n\n<p class=\"has-text-align-left\" style=\"font-size:16px\"><strong><em>Grade :<\/em><\/strong> Assistante<\/p>\n\n\n\n<p class=\"has-text-align-left\" style=\"font-size:16px\"><strong><em>Sp\u00e9cialit\u00e9 :<\/em><\/strong> Chimie des substances naturelles&nbsp;<\/p>\n\n\n\n<p class=\"has-text-align-left\" style=\"font-size:16px\"><strong><em>Fonction administrative :<\/em><\/strong> Enseignante-Chercheuse<\/p>\n\n\n\n<p class=\"has-text-align-left\" style=\"font-size:16px\"><strong><em>Adresse e-mail institutionnelle :<\/em><\/strong> rosinendjock@ensahv.com<\/p>\n\n\n\n<figure class=\"wp-block-table\"><table class=\"has-pale-cyan-blue-background-color has-background\"><tbody><tr><td><strong>AXES DE RECHERCHE<\/strong><\/td><\/tr><tr><td>Phytochimiste, je d\u00e9veloppe des activit\u00e9s de recherche consacr\u00e9es \u00e0 l\u2019\u00e9tude des substances naturelles d\u2019origine v\u00e9g\u00e9tale. Mes travaux portent sur l\u2019extraction, l\u2019isolement, la purification et la caract\u00e9risation structurale des m\u00e9tabolites secondaires issus de plantes m\u00e9dicinales et aromatiques.<br>Mes axes de recherche concernent principalement l\u2019\u00e9valuation des activit\u00e9s biologiques des extraits et compos\u00e9s naturels (antioxydantes, antimicrobiennes, anti-inflammatoires et pharmacologiques), l\u2019\u00e9tude des relations structure\u2013activit\u00e9, ainsi que la valorisation scientifique et technologique des ressources v\u00e9g\u00e9tales locales. J\u2019int\u00e8gre des m\u00e9thodes analytiques et spectroscopiques modernes dans l\u2019analyse et l\u2019identification des compos\u00e9s bioactifs.<br>Mes travaux s\u2019inscrivent dans une d\u00e9marche de recherche fondamentale et appliqu\u00e9e, visant \u00e0 contribuer au d\u00e9veloppement de produits \u00e0 int\u00e9r\u00eat pharmaceutique, agroalimentaire et cosm\u00e9tique, tout en participant \u00e0 la promotion et \u00e0 la conservation de la biodiversit\u00e9 v\u00e9g\u00e9tale.<\/td><\/tr><\/tbody><\/table><\/figure>\n\n\n\n<p class=\"has-text-align-center has-raft-fg-alt-color has-text-color\" style=\"font-size:16px\"><strong>Recruitment through a national competition \/&nbsp;<em>National competitive recruitment examination<\/em><\/strong><\/p>\n\n\n\n<p><\/p>\n<\/div>\n<\/div>","protected":false},"excerpt":{"rendered":"<p>Dr. Ngolong Ndjock Rosine La Belle&nbsp;&nbsp; D\u00e9partement des Sciences de Base Civilit\u00e9 : Madame Titre : Dr. Grade : Assistante Sp\u00e9cialit\u00e9 : Chimie des substances naturelles&nbsp; Fonction administrative : Enseignante-Chercheuse Adresse e-mail institutionnelle : rosinendjock@ensahv.com AXES DE RECHERCHE Phytochimiste, je d\u00e9veloppe des activit\u00e9s de recherche consacr\u00e9es \u00e0 l\u2019\u00e9tude des substances naturelles d\u2019origine v\u00e9g\u00e9tale. Mes travaux [&hellip;]<\/p>","protected":false},"author":1,"featured_media":0,"parent":0,"menu_order":0,"comment_status":"closed","ping_status":"closed","template":"","meta":{"pagelayer_contact_templates":[],"_pagelayer_content":"","footnotes":""},"class_list":["post-1628","page","type-page","status-publish","hentry"],"_links":{"self":[{"href":"https:\/\/www.ensahv.cm\/eng\/wp-json\/wp\/v2\/pages\/1628","targetHints":{"allow":["GET"]}}],"collection":[{"href":"https:\/\/www.ensahv.cm\/eng\/wp-json\/wp\/v2\/pages"}],"about":[{"href":"https:\/\/www.ensahv.cm\/eng\/wp-json\/wp\/v2\/types\/page"}],"author":[{"embeddable":true,"href":"https:\/\/www.ensahv.cm\/eng\/wp-json\/wp\/v2\/users\/1"}],"replies":[{"embeddable":true,"href":"https:\/\/www.ensahv.cm\/eng\/wp-json\/wp\/v2\/comments?post=1628"}],"version-history":[{"count":3,"href":"https:\/\/www.ensahv.cm\/eng\/wp-json\/wp\/v2\/pages\/1628\/revisions"}],"predecessor-version":[{"id":1633,"href":"https:\/\/www.ensahv.cm\/eng\/wp-json\/wp\/v2\/pages\/1628\/revisions\/1633"}],"wp:attachment":[{"href":"https:\/\/www.ensahv.cm\/eng\/wp-json\/wp\/v2\/media?parent=1628"}],"curies":[{"name":"wp","href":"https:\/\/api.w.org\/{rel}","templated":true}]}}