{"id":1640,"date":"2026-02-14T10:21:36","date_gmt":"2026-02-14T09:21:36","guid":{"rendered":"https:\/\/www.ensahv.cm\/?page_id=1640"},"modified":"2026-02-14T12:11:39","modified_gmt":"2026-02-14T11:11:39","slug":"ngoumtsop-victor-herman","status":"publish","type":"page","link":"https:\/\/www.ensahv.cm\/eng\/ngoumtsop-victor-herman\/","title":{"rendered":"Ngoumtsop Victor Herman"},"content":{"rendered":"<div class=\"wp-block-group alignwide has-white-color has-text-color has-background is-content-justification-space-between is-nowrap is-layout-flex wp-container-core-group-is-layout-cb46ffcb wp-block-group-is-layout-flex\" style=\"border-style:none;border-width:0px;background-color:#3a6ebc;min-height:0px\">\n<div class=\"wp-block-group alignfull has-white-background-color has-text-color has-background has-small-font-size is-layout-flow wp-block-group-is-layout-flow\" style=\"color:#000000\">\n<div class=\"wp-block-group is-nowrap is-layout-flex wp-container-core-group-is-layout-6c531013 wp-block-group-is-layout-flex\">\n<figure class=\"wp-block-image size-thumbnail\"><img loading=\"lazy\" decoding=\"async\" width=\"150\" height=\"150\" src=\"https:\/\/www.ensahv.cm\/wp-content\/uploads\/2026\/02\/Photo-Ngoumtsop-150x150.png\" alt=\"\" class=\"wp-image-1641\" srcset=\"https:\/\/www.ensahv.cm\/wp-content\/uploads\/2026\/02\/Photo-Ngoumtsop-150x150.png 150w, https:\/\/www.ensahv.cm\/wp-content\/uploads\/2026\/02\/Photo-Ngoumtsop-12x12.png 12w\" sizes=\"auto, (max-width: 150px) 100vw, 150px\" \/><\/figure>\n\n\n\n<h4 class=\"wp-block-heading has-white-color has-raft-accent-secondary-background-color has-text-color has-background has-link-color wp-elements-7a6f5dfe11a7b5cf5b901285dd736029\" style=\"font-size:22px\">Dr. Ngoumtsop Victor Herman&nbsp;&nbsp;<\/h4>\n<\/div>\n\n\n\n<h6 class=\"wp-block-heading has-text-align-center has-black-color has-light-green-cyan-background-color has-text-color has-background has-link-color wp-elements-1ea44b503da389267c3f625c28e50aa1\" style=\"font-size:16px\"><strong>D\u00e9partement d<\/strong>e Gestion des P\u00eaches et des Ecosyst\u00e8mes Aquatiques<\/h6>\n\n\n\n<p><\/p>\n\n\n\n<p class=\"has-text-align-left\" style=\"font-size:16px\"><strong><em>Civilit\u00e9 :<\/em><\/strong> Monsieur<\/p>\n\n\n\n<p class=\"has-text-align-left\" style=\"font-size:16px\"><strong><em>Titre :<\/em><\/strong> Dr.<\/p>\n\n\n\n<p class=\"has-text-align-left\" style=\"font-size:16px\"><strong><em>Grade :<\/em><\/strong> Charg\u00e9 de Cours<\/p>\n\n\n\n<p class=\"has-text-align-left\" style=\"font-size:16px\"><strong><em>Sp\u00e9cialit\u00e9 :<\/em><\/strong> Zootechnie\/physiologie\/Reproduction des animaux d&rsquo;\u00e9levage<\/p>\n\n\n\n<p class=\"has-text-align-left\" style=\"font-size:16px\"><strong><em>Fonction administrative :<\/em><\/strong> Enseignant-Chercheur ; Coordonnateur du niveau 2 GPEA<\/p>\n\n\n\n<p class=\"has-text-align-left\" style=\"font-size:16px\"><strong><em>Adresse e-mail institutionnelle :<\/em><\/strong> ngoumtsop@ensahv.cm<\/p>\n\n\n\n<figure class=\"wp-block-table\"><table class=\"has-pale-cyan-blue-background-color has-background\"><tbody><tr><td><strong>AXES DE RECHERCHE<\/strong><\/td><\/tr><tr><td>&#8211; facteurs g\u00e9n\u00e9tiques ( \u00e2ge, poids,\u2026) qui affectent la reproduction des animaux d&rsquo;\u00e9levage ;<br>&#8211; facteurs environnementaux (sous produits agricoles, climat, x\u00e9nobiotiques\u2026) qui affectent la reproduction des animaux d&rsquo;\u00e9levage ;<br>&#8211; strat\u00e9gie d&rsquo;att\u00e9nuation des facteurs qui affectent la reproduction ;<br>&#8211; biotechnologie de la reproduction ( contr\u00f4le de la reproduction \u00e0 base des plantes, ins\u00e9mination artificielle\u2026) ;<br>&#8211; Approche One health.<\/td><\/tr><\/tbody><\/table><\/figure>\n\n\n\n<p class=\"has-text-align-center has-raft-fg-alt-color has-text-color\" style=\"font-size:16px\"><strong>Recruitment through a national competition \/&nbsp;<em>National competitive recruitment examination<\/em><\/strong><\/p>\n\n\n\n<p><\/p>\n<\/div>\n<\/div>","protected":false},"excerpt":{"rendered":"<p>Dr. Ngoumtsop Victor Herman&nbsp;&nbsp; D\u00e9partement de Gestion des P\u00eaches et des Ecosyst\u00e8mes Aquatiques Civilit\u00e9 : Monsieur Titre : Dr. Grade : Charg\u00e9 de Cours Sp\u00e9cialit\u00e9 : Zootechnie\/physiologie\/Reproduction des animaux d&rsquo;\u00e9levage Fonction administrative : Enseignant-Chercheur ; Coordonnateur du niveau 2 GPEA Adresse e-mail institutionnelle : ngoumtsop@ensahv.cm AXES DE RECHERCHE &#8211; facteurs g\u00e9n\u00e9tiques ( \u00e2ge, poids,\u2026) qui [&hellip;]<\/p>","protected":false},"author":1,"featured_media":0,"parent":0,"menu_order":0,"comment_status":"closed","ping_status":"closed","template":"","meta":{"pagelayer_contact_templates":[],"_pagelayer_content":"","footnotes":""},"class_list":["post-1640","page","type-page","status-publish","hentry"],"_links":{"self":[{"href":"https:\/\/www.ensahv.cm\/eng\/wp-json\/wp\/v2\/pages\/1640","targetHints":{"allow":["GET"]}}],"collection":[{"href":"https:\/\/www.ensahv.cm\/eng\/wp-json\/wp\/v2\/pages"}],"about":[{"href":"https:\/\/www.ensahv.cm\/eng\/wp-json\/wp\/v2\/types\/page"}],"author":[{"embeddable":true,"href":"https:\/\/www.ensahv.cm\/eng\/wp-json\/wp\/v2\/users\/1"}],"replies":[{"embeddable":true,"href":"https:\/\/www.ensahv.cm\/eng\/wp-json\/wp\/v2\/comments?post=1640"}],"version-history":[{"count":5,"href":"https:\/\/www.ensahv.cm\/eng\/wp-json\/wp\/v2\/pages\/1640\/revisions"}],"predecessor-version":[{"id":1648,"href":"https:\/\/www.ensahv.cm\/eng\/wp-json\/wp\/v2\/pages\/1640\/revisions\/1648"}],"wp:attachment":[{"href":"https:\/\/www.ensahv.cm\/eng\/wp-json\/wp\/v2\/media?parent=1640"}],"curies":[{"name":"wp","href":"https:\/\/api.w.org\/{rel}","templated":true}]}}