{"id":1665,"date":"2026-02-16T15:16:35","date_gmt":"2026-02-16T14:16:35","guid":{"rendered":"https:\/\/www.ensahv.cm\/?page_id=1665"},"modified":"2026-02-16T18:00:13","modified_gmt":"2026-02-16T17:00:13","slug":"besack-felix","status":"publish","type":"page","link":"https:\/\/www.ensahv.cm\/eng\/besack-felix\/","title":{"rendered":"Besack Felix"},"content":{"rendered":"<div class=\"wp-block-group alignwide has-white-color has-text-color has-background is-content-justification-space-between is-nowrap is-layout-flex wp-container-core-group-is-layout-cb46ffcb wp-block-group-is-layout-flex\" style=\"border-style:none;border-width:0px;background-color:#3a6ebc;min-height:0px\">\n<div class=\"wp-block-group alignfull has-white-background-color has-text-color has-background has-small-font-size is-layout-flow wp-block-group-is-layout-flow\" style=\"color:#000000\">\n<div class=\"wp-block-group is-nowrap is-layout-flex wp-container-core-group-is-layout-6c531013 wp-block-group-is-layout-flex\">\n<figure class=\"wp-block-image size-thumbnail\"><img loading=\"lazy\" decoding=\"async\" width=\"150\" height=\"150\" src=\"https:\/\/www.ensahv.cm\/wp-content\/uploads\/2026\/02\/Photo-Besack-150x150.png\" alt=\"\" class=\"wp-image-1672\" srcset=\"https:\/\/www.ensahv.cm\/wp-content\/uploads\/2026\/02\/Photo-Besack-150x150.png 150w, https:\/\/www.ensahv.cm\/wp-content\/uploads\/2026\/02\/Photo-Besack-11x12.png 11w\" sizes=\"auto, (max-width: 150px) 100vw, 150px\" \/><\/figure>\n\n\n\n<h4 class=\"wp-block-heading has-white-color has-raft-accent-secondary-background-color has-text-color has-background has-link-color wp-elements-2d4358ded9be5223037f41ad04d7e102\" style=\"font-size:22px\">Dr. Besack F\u00e9lix &nbsp;<\/h4>\n<\/div>\n\n\n\n<h6 class=\"wp-block-heading has-text-align-center has-black-color has-light-green-cyan-background-color has-text-color has-background has-link-color wp-elements-195f5ef258e0a463ee866dbf04d7d1ee\" style=\"font-size:16px\"><strong>D\u00e9part<\/strong>ement d&rsquo;Oc\u00e9anographie et Limnologie<\/h6>\n\n\n\n<p><\/p>\n\n\n\n<p class=\"has-text-align-left\" style=\"font-size:16px\"><strong><em>Civilit\u00e9 :<\/em><\/strong> Monsieur<\/p>\n\n\n\n<p class=\"has-text-align-left\" style=\"font-size:16px\"><strong><em>Titre :<\/em><\/strong> Dr.<\/p>\n\n\n\n<p class=\"has-text-align-left\" style=\"font-size:16px\"><strong><em>Grade :<\/em><\/strong> Charg\u00e9 de Cours<\/p>\n\n\n\n<p class=\"has-text-align-left\" style=\"font-size:16px\"><strong><em>Sp\u00e9cialit\u00e9 :<\/em><\/strong> Risques c\u00f4tiers et conservation des ressources&nbsp;<\/p>\n\n\n\n<p class=\"has-text-align-left\" style=\"font-size:16px\"><strong><em>Fonction administrative :<\/em><\/strong> Enseignant-Chercheur<\/p>\n\n\n\n<p class=\"has-text-align-left\" style=\"font-size:16px\"><strong><em>Adresse e-mail institutionnelle :<\/em><\/strong> felixbesack@ensahv.cm<\/p>\n\n\n\n<figure class=\"wp-block-table\"><table class=\"has-pale-cyan-blue-background-color has-background\"><tbody><tr><td><strong>AXES DE RECHERCHE<\/strong><\/td><\/tr><tr><td>Dynamique c\u00f4ti\u00e8re, estuarienne et protection des \u00e9cosyst\u00e8mes marins. Mes recherches portent \u00e9galement sur la circulation des masses d\u2019eaux dans le corridor migratoire Wouri-Nkam et la mod\u00e9lisation de la dynamique des param\u00e8tres hydrologiques (niveau d\u2019eau, courant de surface, salinit\u00e9, temp\u00e9rature de l\u2019eau\u2026) et la d\u00e9termination des liens avec la bio ressource.<\/td><\/tr><\/tbody><\/table><\/figure>\n<\/div>\n<\/div>","protected":false},"excerpt":{"rendered":"<p>Dr. Besack F\u00e9lix &nbsp; D\u00e9partement d&rsquo;Oc\u00e9anographie et Limnologie Civilit\u00e9 : Monsieur Titre : Dr. Grade : Charg\u00e9 de Cours Sp\u00e9cialit\u00e9 : Risques c\u00f4tiers et conservation des ressources&nbsp; Fonction administrative : Enseignant-Chercheur Adresse e-mail institutionnelle : felixbesack@ensahv.cm AXES DE RECHERCHE Dynamique c\u00f4ti\u00e8re, estuarienne et protection des \u00e9cosyst\u00e8mes marins. Mes recherches portent \u00e9galement sur la circulation des [&hellip;]<\/p>","protected":false},"author":1,"featured_media":0,"parent":0,"menu_order":0,"comment_status":"closed","ping_status":"closed","template":"","meta":{"pagelayer_contact_templates":[],"_pagelayer_content":"","footnotes":""},"class_list":["post-1665","page","type-page","status-publish","hentry"],"_links":{"self":[{"href":"https:\/\/www.ensahv.cm\/eng\/wp-json\/wp\/v2\/pages\/1665","targetHints":{"allow":["GET"]}}],"collection":[{"href":"https:\/\/www.ensahv.cm\/eng\/wp-json\/wp\/v2\/pages"}],"about":[{"href":"https:\/\/www.ensahv.cm\/eng\/wp-json\/wp\/v2\/types\/page"}],"author":[{"embeddable":true,"href":"https:\/\/www.ensahv.cm\/eng\/wp-json\/wp\/v2\/users\/1"}],"replies":[{"embeddable":true,"href":"https:\/\/www.ensahv.cm\/eng\/wp-json\/wp\/v2\/comments?post=1665"}],"version-history":[{"count":7,"href":"https:\/\/www.ensahv.cm\/eng\/wp-json\/wp\/v2\/pages\/1665\/revisions"}],"predecessor-version":[{"id":1709,"href":"https:\/\/www.ensahv.cm\/eng\/wp-json\/wp\/v2\/pages\/1665\/revisions\/1709"}],"wp:attachment":[{"href":"https:\/\/www.ensahv.cm\/eng\/wp-json\/wp\/v2\/media?parent=1665"}],"curies":[{"name":"wp","href":"https:\/\/api.w.org\/{rel}","templated":true}]}}