{"id":1675,"date":"2026-02-16T15:40:08","date_gmt":"2026-02-16T14:40:08","guid":{"rendered":"https:\/\/www.ensahv.cm\/?page_id=1675"},"modified":"2026-02-16T15:48:19","modified_gmt":"2026-02-16T14:48:19","slug":"mbock-nemba-audry-constant","status":"publish","type":"page","link":"https:\/\/www.ensahv.cm\/eng\/mbock-nemba-audry-constant\/","title":{"rendered":"Mbock Nemba Audry Constant"},"content":{"rendered":"<div class=\"wp-block-group alignwide has-white-color has-text-color has-background is-content-justification-space-between is-nowrap is-layout-flex wp-container-core-group-is-layout-cb46ffcb wp-block-group-is-layout-flex\" style=\"border-style:none;border-width:0px;background-color:#3a6ebc;min-height:0px\">\n<div class=\"wp-block-group alignfull has-white-background-color has-text-color has-background has-small-font-size is-layout-flow wp-block-group-is-layout-flow\" style=\"color:#000000\">\n<div class=\"wp-block-group is-nowrap is-layout-flex wp-container-core-group-is-layout-6c531013 wp-block-group-is-layout-flex\">\n<figure class=\"wp-block-image size-thumbnail\"><img loading=\"lazy\" decoding=\"async\" width=\"150\" height=\"150\" src=\"https:\/\/www.ensahv.cm\/wp-content\/uploads\/2026\/02\/Photo-Mbock-1-150x150.png\" alt=\"\" class=\"wp-image-1679\"\/><\/figure>\n\n\n\n<h4 class=\"wp-block-heading has-white-color has-raft-accent-secondary-background-color has-text-color has-background has-link-color wp-elements-be322f43c6b1cb498b35df735a0302fa\" style=\"font-size:22px\">Dr. Mbock Nemba Audry Constant&nbsp;&nbsp;<\/h4>\n<\/div>\n\n\n\n<h6 class=\"wp-block-heading has-text-align-center has-black-color has-light-green-cyan-background-color has-text-color has-background has-link-color wp-elements-184681a1f65605514e7dfd25d7ac5f0b\" style=\"font-size:16px\"><strong>D\u00e9part<\/strong>ement de Gestion des P\u00eaches et des Ecosyst\u00e8mes Aquatiques<\/h6>\n\n\n\n<p><\/p>\n\n\n\n<p class=\"has-text-align-left\" style=\"font-size:16px\"><strong><em>Civilit\u00e9 :<\/em><\/strong> Monsieur<\/p>\n\n\n\n<p class=\"has-text-align-left\" style=\"font-size:16px\"><strong><em>Titre :<\/em><\/strong> Dr.<\/p>\n\n\n\n<p class=\"has-text-align-left\" style=\"font-size:16px\"><strong><em>Grade :<\/em><\/strong> Charg\u00e9 de Cours<\/p>\n\n\n\n<p class=\"has-text-align-left\" style=\"font-size:16px\"><strong><em>Sp\u00e9cialit\u00e9 :<\/em><\/strong> Halieutique, G\u00e9ographie&nbsp;&nbsp;<\/p>\n\n\n\n<p class=\"has-text-align-left\" style=\"font-size:16px\"><strong><em>Fonction administrative :<\/em><\/strong> Enseignant-Chercheur<\/p>\n\n\n\n<p class=\"has-text-align-left\" style=\"font-size:16px\"><strong><em>Adresse e-mail institutionnelle :<\/em><\/strong> audrymbock@ensahv.cm<\/p>\n\n\n\n<figure class=\"wp-block-table\"><table class=\"has-pale-cyan-blue-background-color has-background\"><tbody><tr><td><strong>AXES DE RECHERCHE<\/strong><\/td><\/tr><tr><td>Biostatistique des p\u00eaches &#8211; G\u00e9o-am\u00e9nagement des territoires &#8211; SIG -Jeux d&rsquo;acteurs<\/td><\/tr><\/tbody><\/table><\/figure>\n<\/div>\n<\/div>","protected":false},"excerpt":{"rendered":"<p>Dr. Mbock Nemba Audry Constant&nbsp;&nbsp; D\u00e9partement de Gestion des P\u00eaches et des Ecosyst\u00e8mes Aquatiques Civilit\u00e9 : Monsieur Titre : Dr. Grade : Charg\u00e9 de Cours Sp\u00e9cialit\u00e9 : Halieutique, G\u00e9ographie&nbsp;&nbsp; Fonction administrative : Enseignant-Chercheur Adresse e-mail institutionnelle : audrymbock@ensahv.cm AXES DE RECHERCHE Biostatistique des p\u00eaches &#8211; G\u00e9o-am\u00e9nagement des territoires &#8211; SIG -Jeux d&rsquo;acteurs<\/p>","protected":false},"author":1,"featured_media":0,"parent":0,"menu_order":0,"comment_status":"closed","ping_status":"closed","template":"","meta":{"pagelayer_contact_templates":[],"_pagelayer_content":"","footnotes":""},"class_list":["post-1675","page","type-page","status-publish","hentry"],"_links":{"self":[{"href":"https:\/\/www.ensahv.cm\/eng\/wp-json\/wp\/v2\/pages\/1675","targetHints":{"allow":["GET"]}}],"collection":[{"href":"https:\/\/www.ensahv.cm\/eng\/wp-json\/wp\/v2\/pages"}],"about":[{"href":"https:\/\/www.ensahv.cm\/eng\/wp-json\/wp\/v2\/types\/page"}],"author":[{"embeddable":true,"href":"https:\/\/www.ensahv.cm\/eng\/wp-json\/wp\/v2\/users\/1"}],"replies":[{"embeddable":true,"href":"https:\/\/www.ensahv.cm\/eng\/wp-json\/wp\/v2\/comments?post=1675"}],"version-history":[{"count":5,"href":"https:\/\/www.ensahv.cm\/eng\/wp-json\/wp\/v2\/pages\/1675\/revisions"}],"predecessor-version":[{"id":1683,"href":"https:\/\/www.ensahv.cm\/eng\/wp-json\/wp\/v2\/pages\/1675\/revisions\/1683"}],"wp:attachment":[{"href":"https:\/\/www.ensahv.cm\/eng\/wp-json\/wp\/v2\/media?parent=1675"}],"curies":[{"name":"wp","href":"https:\/\/api.w.org\/{rel}","templated":true}]}}