{"id":1732,"date":"2026-02-17T09:40:25","date_gmt":"2026-02-17T08:40:25","guid":{"rendered":"https:\/\/www.ensahv.cm\/?page_id=1732"},"modified":"2026-02-20T21:19:43","modified_gmt":"2026-02-20T20:19:43","slug":"gestion-des-peches-et-des-ecosystemes-aquatiques","status":"publish","type":"page","link":"https:\/\/www.ensahv.cm\/eng\/gestion-des-peches-et-des-ecosystemes-aquatiques\/","title":{"rendered":"Fisheries and Aquatic Ecosystem Management"},"content":{"rendered":"<div class=\"wp-block-group alignwide has-white-color has-text-color has-background is-content-justification-space-between is-nowrap is-layout-flex wp-container-core-group-is-layout-cb46ffcb wp-block-group-is-layout-flex\" style=\"border-style:none;border-width:0px;background-color:#3a6ebc;min-height:0px\">\n<div class=\"wp-block-group alignfull has-white-background-color has-text-color has-background has-small-font-size is-layout-flow wp-block-group-is-layout-flow\" style=\"color:#000000\">\n<h6 class=\"wp-block-heading has-text-align-center has-white-color has-raft-fg-background-color has-text-color has-background has-link-color wp-elements-7e20b06853475751dcdc39852b264488\" id=\"schedule-a-visit\" style=\"font-size:14px;line-height:1.15\">DEPARTEMENT DE GESTION DES PECHES ET DES ECOSYSTEMES AQUATIQUES<\/h6>\n\n\n\n<p class=\"has-text-align-center\" style=\"font-size:16px\"><strong>Chef du D\u00e9partement<\/strong> de Gestion des P\u00eaches<\/p>\n\n\n\n<p class=\"has-text-align-center has-vivid-cyan-blue-color has-text-color has-link-color wp-elements-889100c7495d73194078b26e0ebd0a88\"><a href=\"https:\/\/www.ensahv.cm\/eng\/nack-jacques\/\" data-type=\"page\" data-id=\"1710\">Pr. Nack Jacques<\/a><\/p>\n\n\n\n<p class=\"has-text-align-center has-vivid-cyan-blue-color has-text-color has-link-color wp-elements-9cded64d0064b631908ea7c3a92e94c7\"><strong><a href=\"https:\/\/www.ensahv.cm\/eng\/liste-des-enseignants-gestion-des-peches-et-des-ecosystemes-aquatiques\/\" data-type=\"page\" data-id=\"1298\">Liste des enseignants permanents du D\u00e9partement<\/a><\/strong><\/p>\n\n\n\n<p class=\"has-text-align-center\" style=\"font-size:16px\"><strong>Chef du D\u00e9partement<\/strong> de Gestion des Ecosyst\u00e8mes Aquatiques<\/p>\n\n\n\n<p class=\"has-text-align-center has-raft-bg-inv-color has-text-color has-link-color wp-elements-54707acdb456cb15fe7822c804324fb9\"><a href=\"https:\/\/www.ensahv.cm\/eng\/tomedi-eyango-minette-epse-tabi-abodo\/\" data-type=\"page\" data-id=\"1423\">Pr. <\/a>Efole Ewoukem Thomas<\/p>\n\n\n\n<p class=\"has-text-align-center has-vivid-cyan-blue-color has-text-color has-link-color wp-elements-9cded64d0064b631908ea7c3a92e94c7\"><strong><a href=\"https:\/\/www.ensahv.cm\/eng\/liste-des-enseignants-gestion-des-peches-et-des-ecosystemes-aquatiques\/\" data-type=\"page\" data-id=\"1298\">Liste des enseignants permanents du D\u00e9partement<\/a><\/strong><\/p>\n\n\n\n<h6 class=\"wp-block-heading has-text-align-center has-raft-fg-color has-pale-cyan-blue-background-color has-text-color has-background has-link-color wp-elements-bd747fd8a65a990882977b67462caaaf\" id=\"schedule-a-visit\" style=\"font-size:14px;line-height:1.15\">PRESENTATION DU DEPARTEMENT<\/h6>\n\n\n\n<div class=\"wp-block-columns is-layout-flex wp-container-core-columns-is-layout-28f84493 wp-block-columns-is-layout-flex\">\n<div class=\"wp-block-column is-layout-flow wp-block-column-is-layout-flow\" style=\"flex-basis:66.66%\">\n<p><\/p>\n\n\n\n<p><\/p>\n\n\n\n<p><\/p>\n\n\n\n<p><\/p>\n<\/div>\n\n\n\n<div class=\"wp-block-column is-layout-flow wp-block-column-is-layout-flow\" style=\"flex-basis:33.33%\">\n<p><\/p>\n<\/div>\n<\/div>\n<\/div>\n<\/div>","protected":false},"excerpt":{"rendered":"<p>DEPARTEMENT DE GESTION DES PECHES ET DES ECOSYSTEMES AQUATIQUES Chef du D\u00e9partement de Gestion des P\u00eaches Pr. Nack Jacques Liste des enseignants permanents du D\u00e9partement Chef du D\u00e9partement de Gestion des Ecosyst\u00e8mes Aquatiques Pr. Efole Ewoukem Thomas Liste des enseignants permanents du D\u00e9partement PRESENTATION DU DEPARTEMENT<\/p>","protected":false},"author":1,"featured_media":0,"parent":0,"menu_order":0,"comment_status":"closed","ping_status":"closed","template":"","meta":{"pagelayer_contact_templates":[],"_pagelayer_content":"","footnotes":""},"class_list":["post-1732","page","type-page","status-publish","hentry"],"_links":{"self":[{"href":"https:\/\/www.ensahv.cm\/eng\/wp-json\/wp\/v2\/pages\/1732","targetHints":{"allow":["GET"]}}],"collection":[{"href":"https:\/\/www.ensahv.cm\/eng\/wp-json\/wp\/v2\/pages"}],"about":[{"href":"https:\/\/www.ensahv.cm\/eng\/wp-json\/wp\/v2\/types\/page"}],"author":[{"embeddable":true,"href":"https:\/\/www.ensahv.cm\/eng\/wp-json\/wp\/v2\/users\/1"}],"replies":[{"embeddable":true,"href":"https:\/\/www.ensahv.cm\/eng\/wp-json\/wp\/v2\/comments?post=1732"}],"version-history":[{"count":5,"href":"https:\/\/www.ensahv.cm\/eng\/wp-json\/wp\/v2\/pages\/1732\/revisions"}],"predecessor-version":[{"id":1855,"href":"https:\/\/www.ensahv.cm\/eng\/wp-json\/wp\/v2\/pages\/1732\/revisions\/1855"}],"wp:attachment":[{"href":"https:\/\/www.ensahv.cm\/eng\/wp-json\/wp\/v2\/media?parent=1732"}],"curies":[{"name":"wp","href":"https:\/\/api.w.org\/{rel}","templated":true}]}}