{"id":1761,"date":"2026-02-18T15:09:41","date_gmt":"2026-02-18T14:09:41","guid":{"rendered":"https:\/\/www.ensahv.cm\/?page_id=1761"},"modified":"2026-02-18T16:48:40","modified_gmt":"2026-02-18T15:48:40","slug":"pouomogne-kamtchuing-laurence","status":"publish","type":"page","link":"https:\/\/www.ensahv.cm\/eng\/pouomogne-kamtchuing-laurence\/","title":{"rendered":"Pouomogne Kamtchuing Laurence"},"content":{"rendered":"<div class=\"wp-block-group alignwide has-white-color has-text-color has-background is-content-justification-space-between is-nowrap is-layout-flex wp-container-core-group-is-layout-cb46ffcb wp-block-group-is-layout-flex\" style=\"border-style:none;border-width:0px;background-color:#3a6ebc;min-height:0px\">\n<div class=\"wp-block-group alignfull has-white-background-color has-text-color has-background has-small-font-size is-layout-flow wp-block-group-is-layout-flow\" style=\"color:#000000\">\n<div class=\"wp-block-group is-nowrap is-layout-flex wp-container-core-group-is-layout-6c531013 wp-block-group-is-layout-flex\">\n<figure class=\"wp-block-image size-thumbnail\"><img loading=\"lazy\" decoding=\"async\" width=\"150\" height=\"150\" src=\"https:\/\/www.ensahv.cm\/wp-content\/uploads\/2026\/02\/Photo-Pouomogne-150x150.png\" alt=\"\" class=\"wp-image-1762\" srcset=\"https:\/\/www.ensahv.cm\/wp-content\/uploads\/2026\/02\/Photo-Pouomogne-150x150.png 150w, https:\/\/www.ensahv.cm\/wp-content\/uploads\/2026\/02\/Photo-Pouomogne-11x12.png 11w\" sizes=\"auto, (max-width: 150px) 100vw, 150px\" \/><\/figure>\n\n\n\n<h4 class=\"wp-block-heading has-white-color has-raft-accent-secondary-background-color has-text-color has-background has-link-color wp-elements-214fccdadf14280bd9931a6875069725\" style=\"font-size:22px\">Mme. Pouomogne Kamtchuing Laurence<\/h4>\n<\/div>\n\n\n\n<h6 class=\"wp-block-heading has-text-align-center has-black-color has-light-green-cyan-background-color has-text-color has-background has-link-color wp-elements-09a31dcb054ded757e5dd75ea56ef823\" style=\"font-size:16px\"><strong>D\u00e9partement d<\/strong>es Sciences de Base<\/h6>\n\n\n\n<p><\/p>\n\n\n\n<p class=\"has-text-align-left\" style=\"font-size:16px\"><strong><em>Civilit\u00e9 :<\/em><\/strong> Madame<\/p>\n\n\n\n<p class=\"has-text-align-left\" style=\"font-size:16px\"><strong><em>Titre :<\/em><\/strong> Docteur V\u00e9t\u00e9rinaire<\/p>\n\n\n\n<p class=\"has-text-align-left\" style=\"font-size:16px\"><strong><em>Grade :<\/em><\/strong> Assistante<\/p>\n\n\n\n<p class=\"has-text-align-left\" style=\"font-size:16px\"><strong><em>Sp\u00e9cialit\u00e9 :<\/em><\/strong> M\u00e9decine V\u00e9t\u00e9rinaire (Sant\u00e9 publique, pathologie infectieuse, pharmacologie)&nbsp;<\/p>\n\n\n\n<p class=\"has-text-align-left\" style=\"font-size:16px\"><strong><em>Fonction administrative :<\/em><\/strong> Enseignante-Chercheuse<\/p>\n\n\n\n<p class=\"has-text-align-left\" style=\"font-size:16px\"><strong><em>Adresse e-mail institutionnelle :<\/em><\/strong> laurencepouomogne@ensahv.cm<\/p>\n\n\n\n<figure class=\"wp-block-table\"><table class=\"has-pale-cyan-blue-background-color has-background\"><tbody><tr><td><strong>AXES DE RECHERCHE<\/strong><\/td><\/tr><tr><td>Sant\u00e9 publique, pathologie infectieuse, pharmacologie<\/td><\/tr><\/tbody><\/table><\/figure>\n\n\n\n<p class=\"has-text-align-center has-raft-fg-alt-color has-text-color\" style=\"font-size:16px\"><strong>Recruitment through a national competition \/&nbsp;<em>National competitive recruitment examination<\/em><\/strong><\/p>\n\n\n\n<p><\/p>\n<\/div>\n<\/div>","protected":false},"excerpt":{"rendered":"<p>Mme. Pouomogne Kamtchuing Laurence D\u00e9partement des Sciences de Base Civilit\u00e9 : Madame Titre : Docteur V\u00e9t\u00e9rinaire Grade : Assistante Sp\u00e9cialit\u00e9 : M\u00e9decine V\u00e9t\u00e9rinaire (Sant\u00e9 publique, pathologie infectieuse, pharmacologie)&nbsp; Fonction administrative : Enseignante-Chercheuse Adresse e-mail institutionnelle : laurencepouomogne@ensahv.cm AXES DE RECHERCHE Sant\u00e9 publique, pathologie infectieuse, pharmacologie Recrutement sur concours national \/&nbsp;National competitive recruitment examination<\/p>","protected":false},"author":1,"featured_media":0,"parent":0,"menu_order":0,"comment_status":"closed","ping_status":"closed","template":"","meta":{"pagelayer_contact_templates":[],"_pagelayer_content":"","footnotes":""},"class_list":["post-1761","page","type-page","status-publish","hentry"],"_links":{"self":[{"href":"https:\/\/www.ensahv.cm\/eng\/wp-json\/wp\/v2\/pages\/1761","targetHints":{"allow":["GET"]}}],"collection":[{"href":"https:\/\/www.ensahv.cm\/eng\/wp-json\/wp\/v2\/pages"}],"about":[{"href":"https:\/\/www.ensahv.cm\/eng\/wp-json\/wp\/v2\/types\/page"}],"author":[{"embeddable":true,"href":"https:\/\/www.ensahv.cm\/eng\/wp-json\/wp\/v2\/users\/1"}],"replies":[{"embeddable":true,"href":"https:\/\/www.ensahv.cm\/eng\/wp-json\/wp\/v2\/comments?post=1761"}],"version-history":[{"count":4,"href":"https:\/\/www.ensahv.cm\/eng\/wp-json\/wp\/v2\/pages\/1761\/revisions"}],"predecessor-version":[{"id":1801,"href":"https:\/\/www.ensahv.cm\/eng\/wp-json\/wp\/v2\/pages\/1761\/revisions\/1801"}],"wp:attachment":[{"href":"https:\/\/www.ensahv.cm\/eng\/wp-json\/wp\/v2\/media?parent=1761"}],"curies":[{"name":"wp","href":"https:\/\/api.w.org\/{rel}","templated":true}]}}