{"id":1822,"date":"2026-02-20T14:29:03","date_gmt":"2026-02-20T13:29:03","guid":{"rendered":"https:\/\/www.ensahv.cm\/?page_id=1822"},"modified":"2026-02-20T14:37:37","modified_gmt":"2026-02-20T13:37:37","slug":"kipoh-mpele-esther","status":"publish","type":"page","link":"https:\/\/www.ensahv.cm\/eng\/kipoh-mpele-esther\/","title":{"rendered":"Kipoh Mpele Esther"},"content":{"rendered":"<div class=\"wp-block-group alignwide has-white-color has-text-color has-background is-content-justification-space-between is-nowrap is-layout-flex wp-container-core-group-is-layout-cb46ffcb wp-block-group-is-layout-flex\" style=\"border-style:none;border-width:0px;background-color:#3a6ebc;min-height:0px\">\n<div class=\"wp-block-group alignfull has-white-background-color has-text-color has-background has-small-font-size is-layout-flow wp-block-group-is-layout-flow\" style=\"color:#000000\">\n<div class=\"wp-block-group is-nowrap is-layout-flex wp-container-core-group-is-layout-6c531013 wp-block-group-is-layout-flex\">\n<figure class=\"wp-block-image size-thumbnail\"><img loading=\"lazy\" decoding=\"async\" width=\"150\" height=\"150\" src=\"https:\/\/www.ensahv.cm\/wp-content\/uploads\/2026\/02\/Photo-Kipoh-150x150.png\" alt=\"\" class=\"wp-image-1823\"\/><\/figure>\n\n\n\n<h4 class=\"wp-block-heading has-white-color has-raft-accent-secondary-background-color has-text-color has-background has-link-color wp-elements-d34a25c0563920fe9303f24a5c55d498\" style=\"font-size:22px\">Dr. Kipoh Mpele Esther\u00a0\u00a0\u00a0<\/h4>\n<\/div>\n\n\n\n<h6 class=\"wp-block-heading has-text-align-center has-black-color has-light-green-cyan-background-color has-text-color has-background has-link-color wp-elements-184681a1f65605514e7dfd25d7ac5f0b\" style=\"font-size:16px\"><strong>D\u00e9part<\/strong>ement de Gestion des P\u00eaches et des Ecosyst\u00e8mes Aquatiques<\/h6>\n\n\n\n<p><\/p>\n\n\n\n<p class=\"has-text-align-left\" style=\"font-size:16px\"><strong><em>Civilit\u00e9 :<\/em><\/strong> Madame<\/p>\n\n\n\n<p class=\"has-text-align-left\" style=\"font-size:16px\"><strong><em>Titre :<\/em><\/strong> Dr.<\/p>\n\n\n\n<p class=\"has-text-align-left\" style=\"font-size:16px\"><strong><em>Grade :<\/em><\/strong> Assistante<\/p>\n\n\n\n<p class=\"has-text-align-left\" style=\"font-size:16px\"><strong><em>Sp\u00e9cialit\u00e9 :<\/em><\/strong> \u00c9conomie<\/p>\n\n\n\n<p class=\"has-text-align-left\" style=\"font-size:16px\"><strong><em>Fonction administrative :<\/em><\/strong> Enseignante-Chercheuse<\/p>\n\n\n\n<p class=\"has-text-align-left\" style=\"font-size:16px\"><strong><em>Adresse e-mail institutionnelle :<\/em><\/strong> estherkipoh@ensahv.cm<\/p>\n\n\n\n<figure class=\"wp-block-table\"><table class=\"has-pale-cyan-blue-background-color has-background\"><tbody><tr><td><strong>AXES DE RECHERCHE<\/strong><\/td><\/tr><tr><td>&#8211; Chaines de valeur<br>&#8211; \u00c9conomie de production<br>&#8211; \u00c9conomie agricole<br>&#8211; Micro\u00e9conomie<br>&#8211; Macro\u00e9conomie<br>&#8211; \u00c9conomie bancaire&nbsp;<\/td><\/tr><\/tbody><\/table><\/figure>\n<\/div>\n<\/div>","protected":false},"excerpt":{"rendered":"<p>Dr. Kipoh Mpele Esther\u00a0\u00a0\u00a0 D\u00e9partement de Gestion des P\u00eaches et des Ecosyst\u00e8mes Aquatiques Civilit\u00e9 : Madame Titre : Dr. Grade : Assistante Sp\u00e9cialit\u00e9 : \u00c9conomie Fonction administrative : Enseignante-Chercheuse Adresse e-mail institutionnelle : estherkipoh@ensahv.cm AXES DE RECHERCHE &#8211; Chaines de valeur&#8211; \u00c9conomie de production&#8211; \u00c9conomie agricole&#8211; Micro\u00e9conomie&#8211; Macro\u00e9conomie&#8211; \u00c9conomie bancaire&nbsp;<\/p>","protected":false},"author":1,"featured_media":0,"parent":0,"menu_order":0,"comment_status":"closed","ping_status":"closed","template":"","meta":{"pagelayer_contact_templates":[],"_pagelayer_content":"","footnotes":""},"class_list":["post-1822","page","type-page","status-publish","hentry"],"_links":{"self":[{"href":"https:\/\/www.ensahv.cm\/eng\/wp-json\/wp\/v2\/pages\/1822","targetHints":{"allow":["GET"]}}],"collection":[{"href":"https:\/\/www.ensahv.cm\/eng\/wp-json\/wp\/v2\/pages"}],"about":[{"href":"https:\/\/www.ensahv.cm\/eng\/wp-json\/wp\/v2\/types\/page"}],"author":[{"embeddable":true,"href":"https:\/\/www.ensahv.cm\/eng\/wp-json\/wp\/v2\/users\/1"}],"replies":[{"embeddable":true,"href":"https:\/\/www.ensahv.cm\/eng\/wp-json\/wp\/v2\/comments?post=1822"}],"version-history":[{"count":5,"href":"https:\/\/www.ensahv.cm\/eng\/wp-json\/wp\/v2\/pages\/1822\/revisions"}],"predecessor-version":[{"id":1829,"href":"https:\/\/www.ensahv.cm\/eng\/wp-json\/wp\/v2\/pages\/1822\/revisions\/1829"}],"wp:attachment":[{"href":"https:\/\/www.ensahv.cm\/eng\/wp-json\/wp\/v2\/media?parent=1822"}],"curies":[{"name":"wp","href":"https:\/\/api.w.org\/{rel}","templated":true}]}}