{"id":1856,"date":"2026-02-24T15:16:35","date_gmt":"2026-02-24T14:16:35","guid":{"rendered":"https:\/\/www.ensahv.cm\/?page_id=1856"},"modified":"2026-02-24T15:28:41","modified_gmt":"2026-02-24T14:28:41","slug":"ebonji-seth-rodrigue","status":"publish","type":"page","link":"https:\/\/www.ensahv.cm\/eng\/ebonji-seth-rodrigue\/","title":{"rendered":"Ebonji Seth Rodrigue"},"content":{"rendered":"<div class=\"wp-block-group alignwide has-white-color has-text-color has-background is-content-justification-space-between is-nowrap is-layout-flex wp-container-core-group-is-layout-cb46ffcb wp-block-group-is-layout-flex\" style=\"border-style:none;border-width:0px;background-color:#3a6ebc;min-height:0px\">\n<div class=\"wp-block-group alignfull has-white-background-color has-text-color has-background has-small-font-size is-layout-flow wp-block-group-is-layout-flow\" style=\"color:#000000\">\n<div class=\"wp-block-group is-nowrap is-layout-flex wp-container-core-group-is-layout-6c531013 wp-block-group-is-layout-flex\">\n<figure class=\"wp-block-image size-thumbnail\"><img loading=\"lazy\" decoding=\"async\" width=\"150\" height=\"150\" src=\"https:\/\/www.ensahv.cm\/wp-content\/uploads\/2026\/02\/Photo-Ebonji-150x150.png\" alt=\"\" class=\"wp-image-1857\" srcset=\"https:\/\/www.ensahv.cm\/wp-content\/uploads\/2026\/02\/Photo-Ebonji-150x150.png 150w, https:\/\/www.ensahv.cm\/wp-content\/uploads\/2026\/02\/Photo-Ebonji-12x12.png 12w\" sizes=\"auto, (max-width: 150px) 100vw, 150px\" \/><\/figure>\n\n\n\n<h4 class=\"wp-block-heading has-white-color has-raft-accent-secondary-background-color has-text-color has-background has-link-color wp-elements-e9597338528fdaec034d42f188ea028f\" style=\"font-size:22px\">Pr. &nbsp;Ebonji Seth Rodrigue&nbsp;&nbsp;<\/h4>\n<\/div>\n\n\n\n<h6 class=\"wp-block-heading has-text-align-center has-black-color has-light-green-cyan-background-color has-text-color has-background has-link-color wp-elements-195f5ef258e0a463ee866dbf04d7d1ee\" style=\"font-size:16px\"><strong>D\u00e9part<\/strong>ement d&rsquo;Oc\u00e9anographie et Limnologie<\/h6>\n\n\n\n<p><\/p>\n\n\n\n<p class=\"has-text-align-left\" style=\"font-size:16px\"><strong><em>Civilit\u00e9 :<\/em><\/strong> Monsieur<\/p>\n\n\n\n<p class=\"has-text-align-left\" style=\"font-size:16px\"><strong><em>Titre :<\/em><\/strong> Pr.<\/p>\n\n\n\n<p class=\"has-text-align-left\" style=\"font-size:16px\"><strong><em>Grade :<\/em><\/strong> Ma\u00eetre de Conf\u00e9rences<\/p>\n\n\n\n<p class=\"has-text-align-left\" style=\"font-size:16px\"><strong><em>Sp\u00e9cialit\u00e9 :<\/em><\/strong> Hydrog\u00e9ologie &#8211; Oc\u00e9anographie<\/p>\n\n\n\n<p class=\"has-text-align-left\" style=\"font-size:16px\"><strong><em>Fonction administrative :<\/em><\/strong> Enseignant-Chercheur ; Chef de Cellule DSI<\/p>\n\n\n\n<p class=\"has-text-align-left\" style=\"font-size:16px\"><strong><em>Adresse e-mail institutionnelle :<\/em><\/strong> ebonjiseth@ensahv.cm<\/p>\n\n\n\n<figure class=\"wp-block-table\"><table class=\"has-pale-cyan-blue-background-color has-background\"><tbody><tr><td><strong>AXES DE RECHERCHE<\/strong><\/td><\/tr><tr><td>Dynamique de l&rsquo;intrusion Saline et des Remont\u00e9es Salines<br>\u00c9tude de la Qualit\u00e9 des Eaux<br>\u00c9tude de la Pi\u00e9zom\u00e9trie<br>\u00c9rosion C\u00f4ti\u00e8re (Observation du Trait de C\u00f4te).<\/td><\/tr><\/tbody><\/table><\/figure>\n\n\n\n<p class=\"has-text-align-center has-raft-fg-alt-color has-text-color\" style=\"font-size:16px\"><strong>Recruitment through a national competition \/&nbsp;<em>National competitive recruitment examination<\/em><\/strong><\/p>\n\n\n\n<p><\/p>\n<\/div>\n<\/div>","protected":false},"excerpt":{"rendered":"<p>Pr. &nbsp;Ebonji Seth Rodrigue&nbsp;&nbsp; D\u00e9partement d&rsquo;Oc\u00e9anographie et Limnologie Civilit\u00e9 : Monsieur Titre : Pr. Grade : Ma\u00eetre de Conf\u00e9rences Sp\u00e9cialit\u00e9 : Hydrog\u00e9ologie &#8211; Oc\u00e9anographie Fonction administrative : Enseignant-Chercheur ; Chef de Cellule DSI Adresse e-mail institutionnelle : ebonjiseth@ensahv.cm AXES DE RECHERCHE Dynamique de l&rsquo;intrusion Saline et des Remont\u00e9es Salines\u00c9tude de la Qualit\u00e9 des Eaux\u00c9tude de [&hellip;]<\/p>","protected":false},"author":1,"featured_media":0,"parent":0,"menu_order":0,"comment_status":"closed","ping_status":"closed","template":"","meta":{"pagelayer_contact_templates":[],"_pagelayer_content":"","footnotes":""},"class_list":["post-1856","page","type-page","status-publish","hentry"],"_links":{"self":[{"href":"https:\/\/www.ensahv.cm\/eng\/wp-json\/wp\/v2\/pages\/1856","targetHints":{"allow":["GET"]}}],"collection":[{"href":"https:\/\/www.ensahv.cm\/eng\/wp-json\/wp\/v2\/pages"}],"about":[{"href":"https:\/\/www.ensahv.cm\/eng\/wp-json\/wp\/v2\/types\/page"}],"author":[{"embeddable":true,"href":"https:\/\/www.ensahv.cm\/eng\/wp-json\/wp\/v2\/users\/1"}],"replies":[{"embeddable":true,"href":"https:\/\/www.ensahv.cm\/eng\/wp-json\/wp\/v2\/comments?post=1856"}],"version-history":[{"count":3,"href":"https:\/\/www.ensahv.cm\/eng\/wp-json\/wp\/v2\/pages\/1856\/revisions"}],"predecessor-version":[{"id":1861,"href":"https:\/\/www.ensahv.cm\/eng\/wp-json\/wp\/v2\/pages\/1856\/revisions\/1861"}],"wp:attachment":[{"href":"https:\/\/www.ensahv.cm\/eng\/wp-json\/wp\/v2\/media?parent=1856"}],"curies":[{"name":"wp","href":"https:\/\/api.w.org\/{rel}","templated":true}]}}