{"id":665,"date":"2025-06-27T19:14:20","date_gmt":"2025-06-27T18:14:20","guid":{"rendered":"https:\/\/www.ensahv.cm\/?page_id=665"},"modified":"2025-07-04T00:22:26","modified_gmt":"2025-07-03T23:22:26","slug":"actualites-2","status":"publish","type":"page","link":"https:\/\/www.ensahv.cm\/eng\/actualites-2\/","title":{"rendered":"News"},"content":{"rendered":"<div class=\"wp-block-group alignwide has-white-color has-text-color has-background is-content-justification-space-between is-nowrap is-layout-flex wp-container-core-group-is-layout-cb46ffcb wp-block-group-is-layout-flex\" style=\"border-style:none;border-width:0px;background-color:#3a6ebc;min-height:0px\">\n<div class=\"wp-block-group alignfull has-white-background-color has-text-color has-background has-small-font-size is-layout-flow wp-block-group-is-layout-flow\" style=\"color:#000000\">\n<h6 class=\"wp-block-heading has-text-align-center has-white-color has-raft-fg-background-color has-text-color has-background has-link-color wp-elements-d9b9de059a2f3d87b042177ef188214d\" id=\"schedule-a-visit\" style=\"font-size:14px;line-height:1.15\">The new name of the ISH<\/h6>\n\n\n\n<h4 class=\"wp-block-heading has-text-align-center\">ISH changes its name to become ENSAHV<\/h4>\n\n\n\n<p class=\"has-text-align-center has-raft-fg-alt-color has-text-color\" style=\"font-size:16px\"><strong>Recruitment through a national competition \/&nbsp;<em>National competitive recruitment examination<\/em><\/strong><\/p>\n\n\n\n<figure class=\"wp-block-table\"><table><tbody><tr><td>ISH = Institut des Sciences Halieutiques since 2010<\/td><td>ENSAHV = Ecole Nationale Sup\u00e9rieure d'agronomie, d'Halieutique et de M\u00e9decine V\u00e9t\u00e9rinaire since 2025<\/td><\/tr><tr><td><\/td><td>Yabassi Campus<\/td><\/tr><\/tbody><\/table><\/figure>\n\n\n\n<p><\/p>\n<\/div>\n<\/div>","protected":false},"excerpt":{"rendered":"<p>Le nouveau nom de l&rsquo;ISH L&rsquo;ISH change de nom pour devenir L&rsquo;ENSAHV Recrutement sur concours national \/&nbsp;National competitive recruitment examination ISH = Institut des Sciences Halieutiques depuis 2010 ENSAHV = Ecole Nationale Sup\u00e9rieure d&rsquo;agronomie, d&rsquo;Halieutique et de M\u00e9decine V\u00e9t\u00e9rinaire depuis 2025 Campus de Yabassi<\/p>","protected":false},"author":1,"featured_media":0,"parent":0,"menu_order":0,"comment_status":"closed","ping_status":"closed","template":"","meta":{"pagelayer_contact_templates":[],"_pagelayer_content":"","footnotes":""},"class_list":["post-665","page","type-page","status-publish","hentry"],"_links":{"self":[{"href":"https:\/\/www.ensahv.cm\/eng\/wp-json\/wp\/v2\/pages\/665","targetHints":{"allow":["GET"]}}],"collection":[{"href":"https:\/\/www.ensahv.cm\/eng\/wp-json\/wp\/v2\/pages"}],"about":[{"href":"https:\/\/www.ensahv.cm\/eng\/wp-json\/wp\/v2\/types\/page"}],"author":[{"embeddable":true,"href":"https:\/\/www.ensahv.cm\/eng\/wp-json\/wp\/v2\/users\/1"}],"replies":[{"embeddable":true,"href":"https:\/\/www.ensahv.cm\/eng\/wp-json\/wp\/v2\/comments?post=665"}],"version-history":[{"count":14,"href":"https:\/\/www.ensahv.cm\/eng\/wp-json\/wp\/v2\/pages\/665\/revisions"}],"predecessor-version":[{"id":1139,"href":"https:\/\/www.ensahv.cm\/eng\/wp-json\/wp\/v2\/pages\/665\/revisions\/1139"}],"wp:attachment":[{"href":"https:\/\/www.ensahv.cm\/eng\/wp-json\/wp\/v2\/media?parent=665"}],"curies":[{"name":"wp","href":"https:\/\/api.w.org\/{rel}","templated":true}]}}